{"id":2875,"date":"2022-01-06T18:10:33","date_gmt":"2022-01-06T15:10:33","guid":{"rendered":"https:\/\/burcaktok.com\/?page_id=2875"},"modified":"2025-07-03T17:06:33","modified_gmt":"2025-07-03T14:06:33","slug":"%d8%a7%d9%84%d8%a3%d9%85%d8%b1%d8%a7%d8%b6-%d8%a7%d9%84%d9%86%d8%b3%d8%a7%d8%a6%d9%8a%d8%a9","status":"publish","type":"page","link":"https:\/\/burcaktok.com\/ar\/%d8%a7%d9%84%d8%a3%d9%85%d8%b1%d8%a7%d8%b6-%d8%a7%d9%84%d9%86%d8%b3%d8%a7%d8%a6%d9%8a%d8%a9\/","title":{"rendered":"\u0627\u0644\u0623\u0645\u0631\u0627\u0636 \u0627\u0644\u0646\u0633\u0627\u0626\u064a\u0629"},"content":{"rendered":"<div data-elementor-type=\"wp-post\" data-elementor-id=\"2875\" class=\"elementor elementor-2875\">\n\t\t\t\t\t\t<section class=\"elementor-section elementor-top-section elementor-element elementor-element-17264a9 elementor-section-full_width tumtedaviler banneralt elementor-section-height-default elementor-section-height-default\" data-id=\"17264a9\" data-element_type=\"section\" data-settings=\"{&quot;background_background&quot;:&quot;classic&quot;}\">\n\t\t\t\t\t\t<div class=\"elementor-container elementor-column-gap-default\">\n\t\t\t\t\t<div class=\"elementor-column elementor-col-100 elementor-top-column elementor-element elementor-element-36610c0\" data-id=\"36610c0\" data-element_type=\"column\">\n\t\t\t<div class=\"elementor-widget-wrap elementor-element-populated\">\n\t\t\t\t\t\t<div class=\"elementor-element elementor-element-421ce41 elementor-align-left elementor-widget elementor-widget-bdevs-service-post\" data-id=\"421ce41\" data-element_type=\"widget\" data-widget_type=\"bdevs-service-post.default\">\n\t\t\t\t<div class=\"elementor-widget-container\">\n\t\t\t\n\t\t        <!-- services-area start -->\n        <section class=\"servcies-area\">\n            <div class=\"container\">\n                <div class=\"row\">\n\t\t\t\t                        <div class=\"col-xl-4 col-lg-4 col-md-6\">\n                        <div class=\"service-box-3 mb-30 text-center\">\n                            <div class=\"service-thumb\">\n                                <a href=\"https:\/\/burcaktok.com\/ar\/tedaviler\/%d8%b9%d9%84%d8%a7%d8%ac-%d8%aa%d9%83%d9%8a%d8%b3-%d8%a7%d9%84%d9%85%d8%a8%d9%8a%d8%b6\/\"><img fetchpriority=\"high\" decoding=\"async\" width=\"1020\" height=\"600\" src=\"https:\/\/burcaktok.com\/wp-content\/uploads\/2022\/01\/yumurtalikkisti.jpg.jpg\" class=\"attachment-post-thumbnail size-post-thumbnail wp-post-image\" alt=\"\u0643\u064a\u0633 \u0627\u0644\u0645\u0628\u064a\u0636\" srcset=\"https:\/\/burcaktok.com\/wp-content\/uploads\/2022\/01\/yumurtalikkisti.jpg.jpg 1020w, https:\/\/burcaktok.com\/wp-content\/uploads\/2022\/01\/yumurtalikkisti.jpg-300x176.jpg 300w, https:\/\/burcaktok.com\/wp-content\/uploads\/2022\/01\/yumurtalikkisti.jpg-768x452.jpg 768w\" sizes=\"(max-width: 1020px) 100vw, 1020px\" title=\"\"><\/a>\n                            <\/div>\n                            \n                            <div class=\"service-content-box\">\n                                <div class=\"service-content\">\n                                    <h3><a href=\"https:\/\/burcaktok.com\/ar\/tedaviler\/%d8%b9%d9%84%d8%a7%d8%ac-%d8%aa%d9%83%d9%8a%d8%b3-%d8%a7%d9%84%d9%85%d8%a8%d9%8a%d8%b6\/\">\u0639\u0644\u0627\u062c \u062a\u0643\u064a\u0633 \u0627\u0644\u0645\u0628\u064a\u0636<\/a><\/h3>\n                                    <p>\u062a\u0639\u062f \u0623\u0643\u064a\u0627\u0633 \u0627\u0644\u0645\u0628\u064a\u0636 \u0623\u0643\u062b\u0631 \u0634\u064a\u0648\u0639\u064b\u0627 \u0628\u0634\u0643\u0644 \u0639\u0627\u0645 \u0639\u0646\u062f \u0627\u0644\u0646\u0633\u0627\u0621 \u0627\u0644\u0630\u064a\u0646 \u062a\u062a\u0631\u0627\u0648\u062d \u0623\u0639\u0645\u0627\u0631\u0647\u0645 \u0628\u064a\u0646 20 \u0625\u0644\u0649 45 \u0639\u0627\u0645\u064b\u0627. \u0644\u0623\u0646 \u0627\u0644\u0645\u0628\u0627\u064a\u0636 \u062a\u0646\u0634\u0637 \u0641\u064a \u0647\u0630\u0647 \u0627\u0644\u0645\u0631\u062d\u0644\u0629 \u0627\u0644\u0639\u0645\u0631\u064a\u0629<\/p>\n                                <\/div>\n\n                                \t\n\n                            <\/div>\n                        <\/div>\n                    <\/div>\n                                        <div class=\"col-xl-4 col-lg-4 col-md-6\">\n                        <div class=\"service-box-3 mb-30 text-center\">\n                            <div class=\"service-thumb\">\n                                <a href=\"https:\/\/burcaktok.com\/ar\/tedaviler\/%d8%b9%d9%84%d8%a7%d8%ac-%d8%a7%d9%84%d9%88%d8%b1%d9%85-%d8%a7%d9%84%d8%b9%d8%b6%d9%84%d9%8a-%d8%a7%d9%84%d8%b1%d8%ad%d9%85%d9%8a-2\/\"><img decoding=\"async\" width=\"900\" height=\"400\" src=\"https:\/\/burcaktok.com\/wp-content\/uploads\/2022\/01\/myoma-uteri.png\" class=\"attachment-post-thumbnail size-post-thumbnail wp-post-image\" alt=\"\u0648\u0631\u0645 \u0639\u0636\u0644\u064a \u0627\u0644\u0631\u062d\u0645\" srcset=\"https:\/\/burcaktok.com\/wp-content\/uploads\/2022\/01\/myoma-uteri.png 900w, https:\/\/burcaktok.com\/wp-content\/uploads\/2022\/01\/myoma-uteri-300x133.png 300w, https:\/\/burcaktok.com\/wp-content\/uploads\/2022\/01\/myoma-uteri-768x341.png 768w\" sizes=\"(max-width: 900px) 100vw, 900px\" title=\"\"><\/a>\n                            <\/div>\n                            \n                            <div class=\"service-content-box\">\n                                <div class=\"service-content\">\n                                    <h3><a href=\"https:\/\/burcaktok.com\/ar\/tedaviler\/%d8%b9%d9%84%d8%a7%d8%ac-%d8%a7%d9%84%d9%88%d8%b1%d9%85-%d8%a7%d9%84%d8%b9%d8%b6%d9%84%d9%8a-%d8%a7%d9%84%d8%b1%d8%ad%d9%85%d9%8a-2\/\">\u0639\u0644\u0627\u062c \u0627\u0644\u0648\u0631\u0645 \u0627\u0644\u0639\u0636\u0644\u064a \u0627\u0644\u0631\u062d\u0645\u064a<\/a><\/h3>\n                                    <p>\u0627\u0644\u0623\u0648\u0631\u0627\u0645 \u0627\u0644\u062d\u0645\u064a\u062f\u0629 \u0627\u0644\u062a\u064a \u062a\u0646\u0634\u0623 \u0645\u0646 \u062e\u0644\u0627\u064a\u0627 \u0627\u0644\u0639\u0636\u0644\u0627\u062a \u0627\u0644\u0645\u0644\u0633\u0627\u0621 \u0641\u064a \u0639\u0636\u0644 \u0627\u0644\u0631\u062d\u0645\u060c \u0648\u0627\u0644\u062a\u064a \u0646\u0633\u0645\u064a\u0647\u0627 \u062c\u062f\u0627\u0631 \u0627\u0644\u0631\u062d\u0645\u060c \u062a\u0633\u0645\u0649 \u0627\u0644\u0648\u0631\u0645 \u0627\u0644\u0639\u0636\u0644\u064a \u0627\u0644\u0631\u062d\u0645\u064a.<\/p>\n                                <\/div>\n\n                                \t\n\n                            <\/div>\n                        <\/div>\n                    <\/div>\n                                        <div class=\"col-xl-4 col-lg-4 col-md-6\">\n                        <div class=\"service-box-3 mb-30 text-center\">\n                            <div class=\"service-thumb\">\n                                <a href=\"https:\/\/burcaktok.com\/ar\/tedaviler\/%d9%86%d8%b2%d9%8a%d9%81-%d8%a7%d9%84%d8%ad%d9%8a%d8%b6-%d8%a7%d9%84%d9%85%d9%81%d8%b1%d8%b7\/\"><img decoding=\"async\" width=\"900\" height=\"450\" src=\"https:\/\/burcaktok.com\/wp-content\/uploads\/2022\/01\/asiri-adet-gorme.jpg\" class=\"attachment-post-thumbnail size-post-thumbnail wp-post-image\" alt=\"\u0646\u0632\u064a\u0641 \u0627\u0644\u062d\u064a\u0636 \u0627\u0644\u0645\u0641\u0631\u0637\" srcset=\"https:\/\/burcaktok.com\/wp-content\/uploads\/2022\/01\/asiri-adet-gorme.jpg 900w, https:\/\/burcaktok.com\/wp-content\/uploads\/2022\/01\/asiri-adet-gorme-300x150.jpg 300w, https:\/\/burcaktok.com\/wp-content\/uploads\/2022\/01\/asiri-adet-gorme-768x384.jpg 768w\" sizes=\"(max-width: 900px) 100vw, 900px\" title=\"\"><\/a>\n                            <\/div>\n                            \n                            <div class=\"service-content-box\">\n                                <div class=\"service-content\">\n                                    <h3><a href=\"https:\/\/burcaktok.com\/ar\/tedaviler\/%d9%86%d8%b2%d9%8a%d9%81-%d8%a7%d9%84%d8%ad%d9%8a%d8%b6-%d8%a7%d9%84%d9%85%d9%81%d8%b1%d8%b7\/\">\u0646\u0632\u064a\u0641 \u0627\u0644\u062d\u064a\u0636 \u0627\u0644\u0645\u0641\u0631\u0637<\/a><\/h3>\n                                    <p>\u064a\u062a\u0645 \u062a\u0639\u0631\u064a\u0641 \u0646\u0632\u064a\u0641 \u0627\u0644\u062d\u064a\u0636 \u0627\u0644\u0645\u0641\u0631\u0637 \u0639\u0644\u0649 \u0623\u0646\u0647 \u0625\u0637\u0627\u0644\u0629 \u0643\u0645\u064a\u0629 \u0648\u0645\u062f\u0629 \u0627\u0644\u062d\u064a\u0636. \u0648\u0639\u0627\u062f\u0629 \u0645\u0627 \u064a\u0633\u062a\u063a\u0631\u0642 \u0645\u0627 \u0628\u064a\u0646 1-10 \u0623\u064a\u0627\u0645 \u0648<\/p>\n                                <\/div>\n\n                                \t\n\n                            <\/div>\n                        <\/div>\n                    <\/div>\n                                        <div class=\"col-xl-4 col-lg-4 col-md-6\">\n                        <div class=\"service-box-3 mb-30 text-center\">\n                            <div class=\"service-thumb\">\n                                <a href=\"https:\/\/burcaktok.com\/ar\/tedaviler\/%d9%81%d8%aa%d8%b1%d8%a9-%d8%ba%d9%8a%d8%b1-%d9%85%d9%86%d8%aa%d8%b8%d9%85%d8%a9\/\"><img loading=\"lazy\" decoding=\"async\" width=\"900\" height=\"450\" src=\"https:\/\/burcaktok.com\/wp-content\/uploads\/2022\/01\/adet-duzensizligi-23.jpg\" class=\"attachment-post-thumbnail size-post-thumbnail wp-post-image\" alt=\"\u0641\u062a\u0631\u0629 \u063a\u064a\u0631 \u0645\u0646\u062a\u0638\u0645\u0629\" srcset=\"https:\/\/burcaktok.com\/wp-content\/uploads\/2022\/01\/adet-duzensizligi-23.jpg 900w, https:\/\/burcaktok.com\/wp-content\/uploads\/2022\/01\/adet-duzensizligi-23-300x150.jpg 300w, https:\/\/burcaktok.com\/wp-content\/uploads\/2022\/01\/adet-duzensizligi-23-768x384.jpg 768w\" sizes=\"(max-width: 900px) 100vw, 900px\" title=\"\"><\/a>\n                            <\/div>\n                            \n                            <div class=\"service-content-box\">\n                                <div class=\"service-content\">\n                                    <h3><a href=\"https:\/\/burcaktok.com\/ar\/tedaviler\/%d9%81%d8%aa%d8%b1%d8%a9-%d8%ba%d9%8a%d8%b1-%d9%85%d9%86%d8%aa%d8%b8%d9%85%d8%a9\/\">\u0641\u062a\u0631\u0629 \u063a\u064a\u0631 \u0645\u0646\u062a\u0638\u0645\u0629<\/a><\/h3>\n                                    <p>\u0627\u0636\u0637\u0631\u0627\u0628 \u0641\u064a \u0627\u0644\u062f\u0648\u0631\u0629 \u0627\u0644\u0634\u0647\u0631\u064a\u0629 \u064a\u0633\u0645\u0649 \u0639\u062f\u0645 \u0627\u0646\u062a\u0638\u0627\u0645 \u0627\u0644\u062f\u0648\u0631\u0629 \u0627\u0644\u0634\u0647\u0631\u064a\u0629. \u0648\u0647\u064a \u062d\u0627\u0644\u0629 \u064a\u0645\u0643\u0646 \u0631\u0624\u064a\u062a\u0647\u0627 \u0639\u0646\u062f \u0645\u0639\u0638\u0645 \u0627\u0644\u0641\u062a\u064a\u0627\u062a. \u0639\u0627\u062f\u0629 \u0623\u0648\u0644\u0627<\/p>\n                                <\/div>\n\n                                \t\n\n                            <\/div>\n                        <\/div>\n                    <\/div>\n                                        <div class=\"col-xl-4 col-lg-4 col-md-6\">\n                        <div class=\"service-box-3 mb-30 text-center\">\n                            <div class=\"service-thumb\">\n                                <a href=\"https:\/\/burcaktok.com\/ar\/tedaviler\/%d8%a7%d9%84%d8%a7%d8%b6%d8%b7%d8%b1%d8%a7%d8%a8%d8%a7%d8%aa-%d8%a7%d9%84%d9%87%d8%b1%d9%85%d9%88%d9%86%d9%8a%d8%a9\/\"><img loading=\"lazy\" decoding=\"async\" width=\"900\" height=\"450\" src=\"https:\/\/burcaktok.com\/wp-content\/uploads\/2022\/01\/hormon-bozukluklari.jpg\" class=\"attachment-post-thumbnail size-post-thumbnail wp-post-image\" alt=\"\u0627\u0644\u0627\u0636\u0637\u0631\u0627\u0628\u0627\u062a \u0627\u0644\u0647\u0631\u0645\u0648\u0646\u064a\u0629\" srcset=\"https:\/\/burcaktok.com\/wp-content\/uploads\/2022\/01\/hormon-bozukluklari.jpg 900w, https:\/\/burcaktok.com\/wp-content\/uploads\/2022\/01\/hormon-bozukluklari-300x150.jpg 300w, https:\/\/burcaktok.com\/wp-content\/uploads\/2022\/01\/hormon-bozukluklari-768x384.jpg 768w\" sizes=\"(max-width: 900px) 100vw, 900px\" title=\"\"><\/a>\n                            <\/div>\n                            \n                            <div class=\"service-content-box\">\n                                <div class=\"service-content\">\n                                    <h3><a href=\"https:\/\/burcaktok.com\/ar\/tedaviler\/%d8%a7%d9%84%d8%a7%d8%b6%d8%b7%d8%b1%d8%a7%d8%a8%d8%a7%d8%aa-%d8%a7%d9%84%d9%87%d8%b1%d9%85%d9%88%d9%86%d9%8a%d8%a9\/\">\u0627\u0644\u0627\u0636\u0637\u0631\u0627\u0628\u0627\u062a \u0627\u0644\u0647\u0631\u0645\u0648\u0646\u064a\u0629<\/a><\/h3>\n                                    <p>\u0627\u0644\u0647\u0631\u0645\u0648\u0646\u0627\u062a \u0647\u064a \u0631\u0633\u0644 \u062c\u0633\u0645 \u0627\u0644\u0625\u0646\u0633\u0627\u0646. \u0644\u0644\u0647\u0631\u0645\u0648\u0646\u0627\u062a \u062f\u0648\u0631 \u0643\u0628\u064a\u0631 \u0641\u064a \u0627\u0644\u062d\u0641\u0627\u0638 \u0639\u0644\u0649 \u0627\u0644\u062a\u0648\u0627\u0632\u0646 \u0627\u0644\u062f\u0627\u062e\u0644\u064a. \u0627\u0644\u0647\u0631\u0645\u0648\u0646\u0627\u062a \u0627\u0644\u062a\u064a \u064a\u0646\u062a\u062c\u0647\u0627 \u0646\u0638\u0627\u0645 \u0627\u0644\u063a\u062f\u062f \u0627\u0644\u0635\u0645\u0627\u0621<\/p>\n                                <\/div>\n\n                                \t\n\n                            <\/div>\n                        <\/div>\n                    <\/div>\n                                        <div class=\"col-xl-4 col-lg-4 col-md-6\">\n                        <div class=\"service-box-3 mb-30 text-center\">\n                            <div class=\"service-thumb\">\n                                <a href=\"https:\/\/burcaktok.com\/ar\/tedaviler\/%d8%a7%d9%84%d8%b9%d8%ac%d8%b2-%d8%a7%d9%84%d8%ac%d9%86%d8%b3%d9%8a\/\"><img loading=\"lazy\" decoding=\"async\" width=\"900\" height=\"450\" src=\"https:\/\/burcaktok.com\/wp-content\/uploads\/2022\/01\/kadin-cinsel-islev-bozukluklari.jpg\" class=\"attachment-post-thumbnail size-post-thumbnail wp-post-image\" alt=\"\u0627\u0644\u0627\u0636\u0637\u0631\u0627\u0628\u0627\u062a \u0627\u0644\u062c\u0646\u0633\u064a\u0629 \u0627\u0644\u0623\u0646\u062b\u0648\u064a\u0629\" srcset=\"https:\/\/burcaktok.com\/wp-content\/uploads\/2022\/01\/kadin-cinsel-islev-bozukluklari.jpg 900w, https:\/\/burcaktok.com\/wp-content\/uploads\/2022\/01\/kadin-cinsel-islev-bozukluklari-300x150.jpg 300w, https:\/\/burcaktok.com\/wp-content\/uploads\/2022\/01\/kadin-cinsel-islev-bozukluklari-768x384.jpg 768w\" sizes=\"(max-width: 900px) 100vw, 900px\" title=\"\"><\/a>\n                            <\/div>\n                            \n                            <div class=\"service-content-box\">\n                                <div class=\"service-content\">\n                                    <h3><a href=\"https:\/\/burcaktok.com\/ar\/tedaviler\/%d8%a7%d9%84%d8%b9%d8%ac%d8%b2-%d8%a7%d9%84%d8%ac%d9%86%d8%b3%d9%8a\/\">\u0627\u0644\u0639\u062c\u0632 \u0627\u0644\u062c\u0646\u0633\u064a<\/a><\/h3>\n                                    <p>\u0627\u0644\u0639\u062c\u0632 \u0627\u0644\u062c\u0646\u0633\u064a \u0647\u0648 \u0641\u0642\u062f\u0627\u0646 \u0623\u0648 \u0641\u0642\u062f\u0627\u0646 \u0627\u0644\u0645\u062a\u0639\u0629 \u0627\u0644\u062c\u0646\u0633\u064a\u0629 \u0623\u0648 \u0627\u0644\u0631\u063a\u0628\u0629 \u0641\u064a \u0645\u0645\u0627\u0631\u0633\u0629 \u0627\u0644\u062c\u0646\u0633\u060c \u0627\u0639\u062a\u0645\u0627\u062f\u064b\u0627 \u0639\u0644\u0649 \u0627\u0644\u0638\u0631\u0648\u0641 \u0627\u0644\u0645\u0639\u064a\u0634\u064a\u0629 \u0644\u0644\u0634\u062e\u0635.<\/p>\n                                <\/div>\n\n                                \t\n\n                            <\/div>\n                        <\/div>\n                    <\/div>\n                                        <div class=\"col-xl-4 col-lg-4 col-md-6\">\n                        <div class=\"service-box-3 mb-30 text-center\">\n                            <div class=\"service-thumb\">\n                                <a href=\"https:\/\/burcaktok.com\/ar\/tedaviler\/%d8%aa%d8%b1%d9%87%d9%84%d8%a7%d8%aa-%d8%a7%d9%84%d8%b1%d8%ad%d9%85-%d9%88%d8%a7%d9%84%d9%85%d9%87%d8%a8%d9%84\/\"><img loading=\"lazy\" decoding=\"async\" width=\"900\" height=\"450\" src=\"https:\/\/burcaktok.com\/wp-content\/uploads\/2022\/01\/rahim-sarkmasi-1.jpg\" class=\"attachment-post-thumbnail size-post-thumbnail wp-post-image\" alt=\"\" srcset=\"https:\/\/burcaktok.com\/wp-content\/uploads\/2022\/01\/rahim-sarkmasi-1.jpg 900w, https:\/\/burcaktok.com\/wp-content\/uploads\/2022\/01\/rahim-sarkmasi-1-300x150.jpg 300w, https:\/\/burcaktok.com\/wp-content\/uploads\/2022\/01\/rahim-sarkmasi-1-768x384.jpg 768w\" sizes=\"(max-width: 900px) 100vw, 900px\" title=\"\"><\/a>\n                            <\/div>\n                            \n                            <div class=\"service-content-box\">\n                                <div class=\"service-content\">\n                                    <h3><a href=\"https:\/\/burcaktok.com\/ar\/tedaviler\/%d8%aa%d8%b1%d9%87%d9%84%d8%a7%d8%aa-%d8%a7%d9%84%d8%b1%d8%ad%d9%85-%d9%88%d8%a7%d9%84%d9%85%d9%87%d8%a8%d9%84\/\">\u0647\u0628\u0648\u0637 \u0627\u0644\u0631\u062d\u0645 \u0648\u0627\u0644\u0645\u0647\u0628\u0644<\/a><\/h3>\n                                    <p>\u0647\u0628\u0648\u0637 \u0627\u0644\u0631\u062d\u0645 \u0648\u0627\u0644\u0645\u0647\u0628\u0644 \u0647\u0648 \u062a\u0631\u0627\u062c\u0639 \u0627\u0644\u0631\u062d\u0645 \u0625\u0644\u0649 \u0627\u0644\u0623\u0633\u0641\u0644 \u0628\u0633\u0628\u0628 \u0636\u0639\u0641 \u0639\u0636\u0644\u0627\u062a \u0627\u0644\u062d\u0648\u0636 \u0648\u0627\u0644\u0623\u0646\u0633\u062c\u0629 \u0627\u0644\u0636\u0627\u0645\u0629 \u0627\u0644\u0631\u0628\u0627\u0637\u064a\u0629. \u0643\u0644<\/p>\n                                <\/div>\n\n                                \t\n\n                            <\/div>\n                        <\/div>\n                    <\/div>\n                                        <div class=\"col-xl-4 col-lg-4 col-md-6\">\n                        <div class=\"service-box-3 mb-30 text-center\">\n                            <div class=\"service-thumb\">\n                                <a href=\"https:\/\/burcaktok.com\/ar\/tedaviler\/%d8%a7%d9%84%d8%ad%d9%8a%d8%b6-%d8%a7%d9%84%d9%85%d8%a4%d9%84%d9%85\/\"><img loading=\"lazy\" decoding=\"async\" width=\"900\" height=\"450\" src=\"https:\/\/burcaktok.com\/wp-content\/uploads\/2022\/01\/agrili-adet-1.jpg\" class=\"attachment-post-thumbnail size-post-thumbnail wp-post-image\" alt=\"\u0627\u0644\u062d\u064a\u0636 \u0627\u0644\u0645\u0624\u0644\u0645\" srcset=\"https:\/\/burcaktok.com\/wp-content\/uploads\/2022\/01\/agrili-adet-1.jpg 900w, https:\/\/burcaktok.com\/wp-content\/uploads\/2022\/01\/agrili-adet-1-300x150.jpg 300w, https:\/\/burcaktok.com\/wp-content\/uploads\/2022\/01\/agrili-adet-1-768x384.jpg 768w\" sizes=\"(max-width: 900px) 100vw, 900px\" title=\"\"><\/a>\n                            <\/div>\n                            \n                            <div class=\"service-content-box\">\n                                <div class=\"service-content\">\n                                    <h3><a href=\"https:\/\/burcaktok.com\/ar\/tedaviler\/%d8%a7%d9%84%d8%ad%d9%8a%d8%b6-%d8%a7%d9%84%d9%85%d8%a4%d9%84%d9%85\/\">\u0627\u0644\u062d\u064a\u0636 \u0627\u0644\u0645\u0624\u0644\u0645<\/a><\/h3>\n                                    <p>\u0627\u0644\u062f\u0648\u0631\u0629 \u0627\u0644\u0634\u0647\u0631\u064a\u0629 \u0647\u064a \u0639\u0645\u0644\u064a\u0629 \u0627\u0646\u0642\u0628\u0627\u0636 \u0645\u0646\u062a\u0638\u0645\u0629 \u0644\u0644\u0631\u062d\u0645 \u0643\u0644 \u0634\u0647\u0631\u060c \u0648\u064a\u062e\u0631\u062c \u0627\u0644\u062f\u0645 \u0627\u0644\u0645\u0648\u062c\u0648\u062f \u0641\u064a \u0627\u0644\u0631\u062d\u0645 \u0645\u0646 \u0627\u0644\u062c\u0633\u0645.<\/p>\n                                <\/div>\n\n                                \t\n\n                            <\/div>\n                        <\/div>\n                    <\/div>\n                                        <div class=\"col-xl-4 col-lg-4 col-md-6\">\n                        <div class=\"service-box-3 mb-30 text-center\">\n                            <div class=\"service-thumb\">\n                                <a href=\"https:\/\/burcaktok.com\/ar\/tedaviler\/%d8%b9%d9%84%d8%a7%d8%ac-%d8%a7%d9%86%d9%82%d8%b7%d8%a7%d8%b9-%d8%a7%d9%84%d8%b7%d9%85%d8%ab\/\"><img loading=\"lazy\" decoding=\"async\" width=\"900\" height=\"450\" src=\"https:\/\/burcaktok.com\/wp-content\/uploads\/2022\/01\/menopoz-1.jpg\" class=\"attachment-post-thumbnail size-post-thumbnail wp-post-image\" alt=\"\u0639\u0644\u0627\u062c \u0627\u0646\u0642\u0637\u0627\u0639 \u0627\u0644\u0637\u0645\u062b\" srcset=\"https:\/\/burcaktok.com\/wp-content\/uploads\/2022\/01\/menopoz-1.jpg 900w, https:\/\/burcaktok.com\/wp-content\/uploads\/2022\/01\/menopoz-1-300x150.jpg 300w, https:\/\/burcaktok.com\/wp-content\/uploads\/2022\/01\/menopoz-1-768x384.jpg 768w\" sizes=\"(max-width: 900px) 100vw, 900px\" title=\"\"><\/a>\n                            <\/div>\n                            \n                            <div class=\"service-content-box\">\n                                <div class=\"service-content\">\n                                    <h3><a href=\"https:\/\/burcaktok.com\/ar\/tedaviler\/%d8%b9%d9%84%d8%a7%d8%ac-%d8%a7%d9%86%d9%82%d8%b7%d8%a7%d8%b9-%d8%a7%d9%84%d8%b7%d9%85%d8%ab\/\">\u0639\u0644\u0627\u062c \u0627\u0646\u0642\u0637\u0627\u0639 \u0627\u0644\u0637\u0645\u062b<\/a><\/h3>\n                                    <p>\u0639\u0627\u062f\u0629 \u0645\u0627 \u064a\u062d\u062f\u062b \u0627\u0646\u0642\u0637\u0627\u0639 \u0627\u0644\u0637\u0645\u062b \u0628\u0633\u0628\u0628 \u0627\u0644\u0634\u064a\u062e\u0648\u062e\u0629. \u0623\u062b\u0646\u0627\u0621 \u0627\u0646\u0642\u0637\u0627\u0639 \u0627\u0644\u0637\u0645\u062b\u060c \u064a\u0646\u062e\u0641\u0636 \u0639\u062f\u062f \u0627\u0644\u062c\u0631\u064a\u0628\u0627\u062a \u0641\u064a \u0627\u0644\u0645\u0628\u064a\u0636\u064a\u0646. \u0647\u0630\u0627 \u064a\u0639\u062a\u0645\u062f \u0639\u0644\u0649 \u0647\u0630\u0627<\/p>\n                                <\/div>\n\n                                \t\n\n                            <\/div>\n                        <\/div>\n                    <\/div>\n                                        <div class=\"col-xl-4 col-lg-4 col-md-6\">\n                        <div class=\"service-box-3 mb-30 text-center\">\n                            <div class=\"service-thumb\">\n                                <a href=\"https:\/\/burcaktok.com\/ar\/tedaviler\/%d8%b9%d9%85%d9%84%d9%8a%d8%a9-%d8%b3%d9%84%d8%b3-%d8%a7%d9%84%d8%a8%d9%88%d9%84\/\"><img loading=\"lazy\" decoding=\"async\" width=\"900\" height=\"400\" src=\"https:\/\/burcaktok.com\/wp-content\/uploads\/2022\/01\/kadinlarda-idrar-kacirma.webp\" class=\"attachment-post-thumbnail size-post-thumbnail wp-post-image\" alt=\"\u0639\u0645\u0644\u064a\u0629 TOT \u0644\u0633\u0644\u0633 \u0627\u0644\u0628\u0648\u0644\" srcset=\"https:\/\/burcaktok.com\/wp-content\/uploads\/2022\/01\/kadinlarda-idrar-kacirma.webp 900w, https:\/\/burcaktok.com\/wp-content\/uploads\/2022\/01\/kadinlarda-idrar-kacirma-300x133.webp 300w, https:\/\/burcaktok.com\/wp-content\/uploads\/2022\/01\/kadinlarda-idrar-kacirma-768x341.webp 768w\" sizes=\"(max-width: 900px) 100vw, 900px\" title=\"\"><\/a>\n                            <\/div>\n                            \n                            <div class=\"service-content-box\">\n                                <div class=\"service-content\">\n                                    <h3><a href=\"https:\/\/burcaktok.com\/ar\/tedaviler\/%d8%b9%d9%85%d9%84%d9%8a%d8%a9-%d8%b3%d9%84%d8%b3-%d8%a7%d9%84%d8%a8%d9%88%d9%84\/\">\u0639\u0645\u0644\u064a\u0629 TOT \u0644\u0633\u0644\u0633 \u0627\u0644\u0628\u0648\u0644<\/a><\/h3>\n                                    <p>\u064a\u062a\u0645 \u062a\u0642\u064a\u064a\u0645 \u0627\u0644\u062d\u0627\u0644\u0629 \u0627\u0644\u0637\u0628\u064a\u0629 \u0644\u0644\u0645\u0631\u064a\u0636 \u0627\u0644\u0645\u0635\u0627\u0628 \u0628\u0633\u0644\u0633 \u0627\u0644\u0628\u0648\u0644 \u0648\u0639\u0644\u0627\u062c\u0647\u0627. \u064a\u0643\u0648\u0646 \u0633\u0644\u0633 \u0627\u0644\u0628\u0648\u0644 \u0623\u0641\u0636\u0644 \u0645\u0639 \u0639\u0645\u0644\u064a\u0629 TOT.<\/p>\n                                <\/div>\n\n                                \t\n\n                            <\/div>\n                        <\/div>\n                    <\/div>\n                                    <\/div>\n            <\/div>\n        <\/section>\n        <!-- services-area end -->\n\n        \t\n\n\t\t\t<\/div>\n\t\t\t\t<\/div>\n\t\t\t\t\t<\/div>\n\t\t<\/div>\n\t\t\t\t\t<\/div>\n\t\t<\/section>\n\t\t\t\t<\/div>","protected":false},"excerpt":{"rendered":"<p>Yumurtal\u0131k Kisti Tedavisi Genellikle 20-45 ya\u015f aral\u0131\u011f\u0131ndaki kad\u0131nlarda yumurtal\u0131k kisti daha \u00e7ok g\u00f6r\u00fclmektedir. \u00c7\u00fcnk\u00fc yumurtal\u0131klar<\/p>","protected":false},"author":1,"featured_media":0,"parent":0,"menu_order":0,"comment_status":"closed","ping_status":"closed","template":"elementor_header_footer","meta":{"_acf_changed":false,"_themeisle_gutenberg_block_has_review":false,"footnotes":""},"class_list":["post-2875","page","type-page","status-publish","hentry"],"acf":[],"_links":{"self":[{"href":"https:\/\/burcaktok.com\/ar\/wp-json\/wp\/v2\/pages\/2875","targetHints":{"allow":["GET"]}}],"collection":[{"href":"https:\/\/burcaktok.com\/ar\/wp-json\/wp\/v2\/pages"}],"about":[{"href":"https:\/\/burcaktok.com\/ar\/wp-json\/wp\/v2\/types\/page"}],"author":[{"embeddable":true,"href":"https:\/\/burcaktok.com\/ar\/wp-json\/wp\/v2\/users\/1"}],"replies":[{"embeddable":true,"href":"https:\/\/burcaktok.com\/ar\/wp-json\/wp\/v2\/comments?post=2875"}],"version-history":[{"count":3,"href":"https:\/\/burcaktok.com\/ar\/wp-json\/wp\/v2\/pages\/2875\/revisions"}],"predecessor-version":[{"id":7669,"href":"https:\/\/burcaktok.com\/ar\/wp-json\/wp\/v2\/pages\/2875\/revisions\/7669"}],"wp:attachment":[{"href":"https:\/\/burcaktok.com\/ar\/wp-json\/wp\/v2\/media?parent=2875"}],"curies":[{"name":"wp","href":"https:\/\/api.w.org\/{rel}","templated":true}]}}