{"id":2880,"date":"2022-01-06T18:12:45","date_gmt":"2022-01-06T15:12:45","guid":{"rendered":"https:\/\/burcaktok.com\/?page_id=2880"},"modified":"2025-07-03T17:04:28","modified_gmt":"2025-07-03T14:04:28","slug":"%d8%a7%d9%84%d8%ac%d9%85%d8%a7%d9%84%d9%8a%d8%a9-%d8%a7%d9%84%d8%aa%d9%86%d8%a7%d8%b3%d9%84%d9%8a%d8%a9","status":"publish","type":"page","link":"https:\/\/burcaktok.com\/ar\/%d8%a7%d9%84%d8%ac%d9%85%d8%a7%d9%84%d9%8a%d8%a9-%d8%a7%d9%84%d8%aa%d9%86%d8%a7%d8%b3%d9%84%d9%8a%d8%a9\/","title":{"rendered":"\u062c\u0645\u0627\u0644\u064a\u0627\u062a \u0627\u0644\u0623\u0639\u0636\u0627\u0621 \u0627\u0644\u062a\u0646\u0627\u0633\u0644\u064a\u0629"},"content":{"rendered":"<div data-elementor-type=\"wp-post\" data-elementor-id=\"2880\" class=\"elementor elementor-2880\">\n\t\t\t\t\t\t<section class=\"elementor-section elementor-top-section elementor-element elementor-element-17264a9 elementor-section-full_width tumtedaviler banneralt elementor-section-height-default elementor-section-height-default\" data-id=\"17264a9\" data-element_type=\"section\" data-settings=\"{&quot;background_background&quot;:&quot;classic&quot;}\">\n\t\t\t\t\t\t<div class=\"elementor-container elementor-column-gap-default\">\n\t\t\t\t\t<div class=\"elementor-column elementor-col-100 elementor-top-column elementor-element elementor-element-36610c0\" data-id=\"36610c0\" data-element_type=\"column\">\n\t\t\t<div class=\"elementor-widget-wrap elementor-element-populated\">\n\t\t\t\t\t\t<div class=\"elementor-element elementor-element-421ce41 elementor-align-left elementor-widget elementor-widget-bdevs-service-post\" data-id=\"421ce41\" data-element_type=\"widget\" data-widget_type=\"bdevs-service-post.default\">\n\t\t\t\t<div class=\"elementor-widget-container\">\n\t\t\t\n\t\t        <!-- services-area start -->\n        <section class=\"servcies-area\">\n            <div class=\"container\">\n                <div class=\"row\">\n\t\t\t\t                        <div class=\"col-xl-4 col-lg-4 col-md-6\">\n                        <div class=\"service-box-3 mb-30 text-center\">\n                            <div class=\"service-thumb\">\n                                <a href=\"https:\/\/burcaktok.com\/ar\/tedaviler\/%d8%aa%d8%b7%d8%a8%d9%8a%d9%82-%d8%a7%d9%84%d9%86%d8%b4%d9%88%d8%a9-%d8%a7%d9%84%d8%ac%d9%86%d8%b3%d9%8a%d8%a9\/\"><img fetchpriority=\"high\" decoding=\"async\" width=\"921\" height=\"457\" src=\"https:\/\/burcaktok.com\/wp-content\/uploads\/2022\/01\/orgazmik-shot-uygulamasi.png\" class=\"attachment-post-thumbnail size-post-thumbnail wp-post-image\" alt=\"\u062a\u0637\u0628\u064a\u0642 \u0637\u0644\u0642\u0629 \u0627\u0644\u0646\u0634\u0648\u0629 \u0627\u0644\u062c\u0646\u0633\u064a\u0629\" srcset=\"https:\/\/burcaktok.com\/wp-content\/uploads\/2022\/01\/orgazmik-shot-uygulamasi.png 921w, https:\/\/burcaktok.com\/wp-content\/uploads\/2022\/01\/orgazmik-shot-uygulamasi-300x149.png 300w, https:\/\/burcaktok.com\/wp-content\/uploads\/2022\/01\/orgazmik-shot-uygulamasi-768x381.png 768w\" sizes=\"(max-width: 921px) 100vw, 921px\" title=\"\"><\/a>\n                            <\/div>\n                            \n                            <div class=\"service-content-box\">\n                                <div class=\"service-content\">\n                                    <h3><a href=\"https:\/\/burcaktok.com\/ar\/tedaviler\/%d8%aa%d8%b7%d8%a8%d9%8a%d9%82-%d8%a7%d9%84%d9%86%d8%b4%d9%88%d8%a9-%d8%a7%d9%84%d8%ac%d9%86%d8%b3%d9%8a%d8%a9\/\">\u062a\u0637\u0628\u064a\u0642 \u0637\u0644\u0642\u0629 \u0627\u0644\u0646\u0634\u0648\u0629 \u0627\u0644\u062c\u0646\u0633\u064a\u0629<\/a><\/h3>\n                                    <p>\u062a\u0637\u0628\u064a\u0642 \u062c\u0631\u0639\u0629 \u0627\u0644\u0646\u0634\u0648\u0629 \u0627\u0644\u062c\u0646\u0633\u064a\u0629 (o-shot) \u064a\u062a\u0645 \u062a\u0637\u0628\u064a\u0642\u0647 \u0639\u0644\u0649 \u0646\u0642\u0627\u0637 \u0627\u0644\u0645\u062a\u0639\u0629 \u0627\u0644\u062c\u0646\u0633\u064a\u0629 \u0627\u0644\u062d\u0633\u0627\u0633\u0629 \u0641\u064a \u0627\u0644\u0628\u0638\u0631 \u0648\u0627\u0644\u0645\u0647\u0628\u0644.<\/p>\n                                <\/div>\n\n                                \t\n\n                            <\/div>\n                        <\/div>\n                    <\/div>\n                                        <div class=\"col-xl-4 col-lg-4 col-md-6\">\n                        <div class=\"service-box-3 mb-30 text-center\">\n                            <div class=\"service-thumb\">\n                                <a href=\"https:\/\/burcaktok.com\/ar\/tedaviler\/%d8%ac%d9%85%d8%a7%d9%84%d9%8a%d8%a7%d8%aa-%d8%a7%d9%84%d8%a3%d8%b9%d8%b6%d8%a7%d8%a1-%d8%a7%d9%84%d8%aa%d9%86%d8%a7%d8%b3%d9%84%d9%8a%d8%a9-%d8%a8%d8%a7%d9%84%d9%84%d9%8a%d8%b2%d8%b1\/\"><img decoding=\"async\" width=\"900\" height=\"450\" src=\"https:\/\/burcaktok.com\/wp-content\/uploads\/2022\/01\/genital-lazer-.jpg\" class=\"attachment-post-thumbnail size-post-thumbnail wp-post-image\" alt=\"\u062c\u0645\u0627\u0644\u064a\u0627\u062a \u0627\u0644\u0623\u0639\u0636\u0627\u0621 \u0627\u0644\u062a\u0646\u0627\u0633\u0644\u064a\u0629 \u0628\u0627\u0644\u0644\u064a\u0632\u0631\" srcset=\"https:\/\/burcaktok.com\/wp-content\/uploads\/2022\/01\/genital-lazer-.jpg 900w, https:\/\/burcaktok.com\/wp-content\/uploads\/2022\/01\/genital-lazer--300x150.jpg 300w, https:\/\/burcaktok.com\/wp-content\/uploads\/2022\/01\/genital-lazer--768x384.jpg 768w\" sizes=\"(max-width: 900px) 100vw, 900px\" title=\"\"><\/a>\n                            <\/div>\n                            \n                            <div class=\"service-content-box\">\n                                <div class=\"service-content\">\n                                    <h3><a href=\"https:\/\/burcaktok.com\/ar\/tedaviler\/%d8%ac%d9%85%d8%a7%d9%84%d9%8a%d8%a7%d8%aa-%d8%a7%d9%84%d8%a3%d8%b9%d8%b6%d8%a7%d8%a1-%d8%a7%d9%84%d8%aa%d9%86%d8%a7%d8%b3%d9%84%d9%8a%d8%a9-%d8%a8%d8%a7%d9%84%d9%84%d9%8a%d8%b2%d8%b1\/\">\u062c\u0645\u0627\u0644\u064a\u0627\u062a \u0627\u0644\u0623\u0639\u0636\u0627\u0621 \u0627\u0644\u062a\u0646\u0627\u0633\u0644\u064a\u0629 \u0628\u0627\u0644\u0644\u064a\u0632\u0631<\/a><\/h3>\n                                    <p>\u064a\u0641\u0636\u0644 \u0627\u0644\u0639\u0644\u0627\u062c \u0627\u0644\u062c\u0645\u0627\u0644\u064a \u0627\u0644\u062a\u0646\u0627\u0633\u0644\u064a \u0641\u064a \u0627\u0644\u062d\u0627\u0644\u0627\u062a \u0627\u0644\u062a\u064a \u064a\u0632\u0639\u062c \u0641\u064a\u0647\u0627 \u0645\u0638\u0647\u0631 \u0627\u0644\u0645\u0647\u0628\u0644 \u0623\u0648 \u0648\u0638\u064a\u0641\u062a\u0647. \u062a\u0637\u0648\u064a\u0631 \u0627\u0644\u062a\u0643\u0646\u0648\u0644\u0648\u062c\u064a\u0627<\/p>\n                                <\/div>\n\n                                \t\n\n                            <\/div>\n                        <\/div>\n                    <\/div>\n                                        <div class=\"col-xl-4 col-lg-4 col-md-6\">\n                        <div class=\"service-box-3 mb-30 text-center\">\n                            <div class=\"service-thumb\">\n                                <a href=\"https:\/\/burcaktok.com\/ar\/tedaviler\/%d8%a7%d9%84%d9%81%d9%8a%d9%84%d8%a9-%d8%a7%d9%84%d8%aa%d9%86%d8%a7%d8%b3%d9%84%d9%8a%d8%a9\/\"><img decoding=\"async\" width=\"900\" height=\"450\" src=\"https:\/\/burcaktok.com\/wp-content\/uploads\/2022\/01\/genital-dolgu-1-1.jpg\" class=\"attachment-post-thumbnail size-post-thumbnail wp-post-image\" alt=\"\u062d\u0634\u0648 \u0627\u0644\u0645\u0646\u0637\u0642\u0629 \u0627\u0644\u062a\u0646\u0627\u0633\u0644\u064a\u0629\" srcset=\"https:\/\/burcaktok.com\/wp-content\/uploads\/2022\/01\/genital-dolgu-1-1.jpg 900w, https:\/\/burcaktok.com\/wp-content\/uploads\/2022\/01\/genital-dolgu-1-1-300x150.jpg 300w, https:\/\/burcaktok.com\/wp-content\/uploads\/2022\/01\/genital-dolgu-1-1-768x384.jpg 768w\" sizes=\"(max-width: 900px) 100vw, 900px\" title=\"\"><\/a>\n                            <\/div>\n                            \n                            <div class=\"service-content-box\">\n                                <div class=\"service-content\">\n                                    <h3><a href=\"https:\/\/burcaktok.com\/ar\/tedaviler\/%d8%a7%d9%84%d9%81%d9%8a%d9%84%d8%a9-%d8%a7%d9%84%d8%aa%d9%86%d8%a7%d8%b3%d9%84%d9%8a%d8%a9\/\">\u062d\u0634\u0648 \u0627\u0644\u0645\u0646\u0637\u0642\u0629 \u0627\u0644\u062a\u0646\u0627\u0633\u0644\u064a\u0629<\/a><\/h3>\n                                    <p>\u0645\u062b\u0644\u0645\u0627 \u062a\u062d\u062f\u062b \u062a\u062c\u0627\u0639\u064a\u062f \u0627\u0644\u062c\u0644\u062f \u0648\u062a\u0631\u0647\u0644\u0647 \u0648\u0631\u0642\u0642\u0647 \u0645\u0639 \u062a\u0642\u062f\u0645 \u0627\u0644\u0633\u0646\u060c \u062a\u0638\u0647\u0631 \u0647\u0630\u0647 \u0627\u0644\u062d\u0627\u0644\u0627\u062a \u0623\u064a\u0636\u064b\u0627 \u0641\u064a \u0627\u0644\u0645\u0646\u0637\u0642\u0629 \u0627\u0644\u062a\u0646\u0627\u0633\u0644\u064a\u0629. \u0627\u0644\u0623\u0639\u0636\u0627\u0621 \u0627\u0644\u062a\u0646\u0627\u0633\u0644\u064a\u0629<\/p>\n                                <\/div>\n\n                                \t\n\n                            <\/div>\n                        <\/div>\n                    <\/div>\n                                        <div class=\"col-xl-4 col-lg-4 col-md-6\">\n                        <div class=\"service-box-3 mb-30 text-center\">\n                            <div class=\"service-thumb\">\n                                <a href=\"https:\/\/burcaktok.com\/ar\/tedaviler\/%d8%aa%d8%ac%d8%af%d9%8a%d8%af-%d8%a7%d9%84%d9%85%d9%87%d8%a8%d9%84-%d8%a8%d8%a7%d9%84%d8%a8%d9%84%d8%a7%d8%b2%d9%85%d8%a7-%d8%a7%d9%84%d8%ba%d9%86%d9%8a%d8%a9-%d8%a8%d8%a7%d9%84%d8%b5%d9%81%d8%a7\/\"><img loading=\"lazy\" decoding=\"async\" width=\"900\" height=\"450\" src=\"https:\/\/burcaktok.com\/wp-content\/uploads\/2022\/08\/genital-1.jpg\" class=\"attachment-post-thumbnail size-post-thumbnail wp-post-image\" alt=\"\" srcset=\"https:\/\/burcaktok.com\/wp-content\/uploads\/2022\/08\/genital-1.jpg 900w, https:\/\/burcaktok.com\/wp-content\/uploads\/2022\/08\/genital-1-300x150.jpg 300w, https:\/\/burcaktok.com\/wp-content\/uploads\/2022\/08\/genital-1-768x384.jpg 768w\" sizes=\"(max-width: 900px) 100vw, 900px\" title=\"\"><\/a>\n                            <\/div>\n                            \n                            <div class=\"service-content-box\">\n                                <div class=\"service-content\">\n                                    <h3><a href=\"https:\/\/burcaktok.com\/ar\/tedaviler\/%d8%aa%d8%ac%d8%af%d9%8a%d8%af-%d8%a7%d9%84%d9%85%d9%87%d8%a8%d9%84-%d8%a8%d8%a7%d9%84%d8%a8%d9%84%d8%a7%d8%b2%d9%85%d8%a7-%d8%a7%d9%84%d8%ba%d9%86%d9%8a%d8%a9-%d8%a8%d8%a7%d9%84%d8%b5%d9%81%d8%a7\/\">\u062a\u062c\u062f\u064a\u062f \u0627\u0644\u0645\u0647\u0628\u0644 \u0628\u0627\u0644\u0628\u0644\u0627\u0632\u0645\u0627 \u0627\u0644\u062a\u0646\u0627\u0633\u0644\u064a\u0629 \u0627\u0644\u063a\u0646\u064a\u0629 \u0628\u0627\u0644\u0635\u0641\u0627\u0626\u062d \u0627\u0644\u062f\u0645\u0648\u064a\u0629<\/a><\/h3>\n                                    <p>\u0639\u0646\u062f \u0627\u0644\u0646\u0633\u0627\u0621 \u0627\u0644\u0644\u0627\u062a\u064a \u0645\u0631\u0631\u0646 \u0628\u0633\u0646 \u0627\u0644\u064a\u0623\u0633\u060c \u064a\u0633\u0628\u0628 \u0646\u0642\u0635 \u0627\u0644\u0647\u0631\u0645\u0648\u0646 \u062c\u0641\u0627\u0641 \u0627\u0644\u0645\u0647\u0628\u0644\u060c \u0648\u0627\u0644\u062d\u0643\u0629\u060c \u0648\u0633\u0644\u0633 \u0627\u0644\u0628\u0648\u0644\u060c \u0648\u062a\u0631\u0647\u0644 \u0627\u0644\u0645\u0647\u0628\u0644\u060c \u0648\u0639\u062f\u0645 \u0627\u0644\u0642\u062f\u0631\u0629 \u0639\u0644\u0649 \u0627\u0644\u0648\u0635\u0648\u0644 \u0625\u0644\u0649 \u0627\u0644\u0646\u0634\u0648\u0629 \u0627\u0644\u062c\u0646\u0633\u064a\u0629\u060c \u0648\u0645\u0634\u0627\u0643\u0644 \u0641\u064a \u0627\u0644\u062c\u0645\u0627\u0639.<\/p>\n                                <\/div>\n\n                                \t\n\n                            <\/div>\n                        <\/div>\n                    <\/div>\n                                        <div class=\"col-xl-4 col-lg-4 col-md-6\">\n                        <div class=\"service-box-3 mb-30 text-center\">\n                            <div class=\"service-thumb\">\n                                <a href=\"https:\/\/burcaktok.com\/ar\/tedaviler\/%d8%b1%d8%a3%d8%a8-%d8%a7%d9%84%d9%85%d9%87%d8%a8%d9%84\/\"><img loading=\"lazy\" decoding=\"async\" width=\"900\" height=\"450\" src=\"https:\/\/burcaktok.com\/wp-content\/uploads\/2022\/01\/vajinoplasti.jpg\" class=\"attachment-post-thumbnail size-post-thumbnail wp-post-image\" alt=\"\u0631\u0623\u0628 \u0627\u0644\u0645\u0647\u0628\u0644\" srcset=\"https:\/\/burcaktok.com\/wp-content\/uploads\/2022\/01\/vajinoplasti.jpg 900w, https:\/\/burcaktok.com\/wp-content\/uploads\/2022\/01\/vajinoplasti-300x150.jpg 300w, https:\/\/burcaktok.com\/wp-content\/uploads\/2022\/01\/vajinoplasti-768x384.jpg 768w\" sizes=\"(max-width: 900px) 100vw, 900px\" title=\"\"><\/a>\n                            <\/div>\n                            \n                            <div class=\"service-content-box\">\n                                <div class=\"service-content\">\n                                    <h3><a href=\"https:\/\/burcaktok.com\/ar\/tedaviler\/%d8%b1%d8%a3%d8%a8-%d8%a7%d9%84%d9%85%d9%87%d8%a8%d9%84\/\">\u0631\u0623\u0628 \u0627\u0644\u0645\u0647\u0628\u0644<\/a><\/h3>\n                                    <p>\u0647\u0646\u0627\u0643 \u0627\u0647\u062a\u0645\u0627\u0645 \u0643\u0628\u064a\u0631 \u0628\u0627\u0644\u0639\u0645\u0644\u064a\u0627\u062a \u0627\u0644\u062a\u062c\u0645\u064a\u0644\u064a\u0629 \u0627\u0644\u062a\u0646\u0627\u0633\u0644\u064a\u0629 \u0641\u064a \u062c\u0645\u064a\u0639 \u0623\u0646\u062d\u0627\u0621 \u0627\u0644\u0639\u0627\u0644\u0645 \u0648\u0641\u064a \u0628\u0644\u062f\u0646\u0627. \u0627\u0644\u062a\u0637\u0628\u064a\u0642\u0627\u062a \u0627\u0644\u062c\u0645\u0627\u0644\u064a\u0629 \u0627\u0644\u062a\u0646\u0627\u0633\u0644\u064a\u0629 \u0627\u0644\u0623\u0643\u062b\u0631 \u062a\u0637\u0628\u064a\u0642\u064b\u0627<\/p>\n                                <\/div>\n\n                                \t\n\n                            <\/div>\n                        <\/div>\n                    <\/div>\n                                        <div class=\"col-xl-4 col-lg-4 col-md-6\">\n                        <div class=\"service-box-3 mb-30 text-center\">\n                            <div class=\"service-thumb\">\n                                <a href=\"https:\/\/burcaktok.com\/ar\/tedaviler\/%d8%b2%d8%b1%d8%a7%d8%b9%d8%a9-%d8%ba%d8%b4%d8%a7%d8%a1-%d8%a7%d9%84%d8%a8%d9%83%d8%a7%d8%b1%d8%a9\/\"><img loading=\"lazy\" decoding=\"async\" width=\"900\" height=\"450\" src=\"https:\/\/burcaktok.com\/wp-content\/uploads\/2022\/01\/kizlik-zari-dikimi-25.jpg\" class=\"attachment-post-thumbnail size-post-thumbnail wp-post-image\" alt=\"\u0632\u0631\u0627\u0639\u0629 \u063a\u0634\u0627\u0621 \u0627\u0644\u0628\u0643\u0627\u0631\u0629\" srcset=\"https:\/\/burcaktok.com\/wp-content\/uploads\/2022\/01\/kizlik-zari-dikimi-25.jpg 900w, https:\/\/burcaktok.com\/wp-content\/uploads\/2022\/01\/kizlik-zari-dikimi-25-300x150.jpg 300w, https:\/\/burcaktok.com\/wp-content\/uploads\/2022\/01\/kizlik-zari-dikimi-25-768x384.jpg 768w\" sizes=\"(max-width: 900px) 100vw, 900px\" title=\"\"><\/a>\n                            <\/div>\n                            \n                            <div class=\"service-content-box\">\n                                <div class=\"service-content\">\n                                    <h3><a href=\"https:\/\/burcaktok.com\/ar\/tedaviler\/%d8%b2%d8%b1%d8%a7%d8%b9%d8%a9-%d8%ba%d8%b4%d8%a7%d8%a1-%d8%a7%d9%84%d8%a8%d9%83%d8%a7%d8%b1%d8%a9\/\">\u062e\u064a\u0627\u0637\u0629 \u063a\u0634\u0627\u0621 \u0627\u0644\u0628\u0643\u0627\u0631\u0629<\/a><\/h3>\n                                    <p>\u062c\u0631\u0627\u062d\u0629 \u063a\u0634\u0627\u0621 \u0627\u0644\u0628\u0643\u0627\u0631\u0629 \u0647\u064a \u0639\u0645\u0644\u064a\u0629 \u062a\u0641\u0636\u0644\u0647\u0627 \u0627\u0644\u0646\u0633\u0627\u0621 \u0627\u0644\u0644\u0627\u062a\u064a \u0645\u0627\u0631\u0633\u0646 \u0627\u0644\u062c\u0645\u0627\u0639 \u0645\u0646 \u0642\u0628\u0644. \u0627\u0644\u0646\u0633\u0627\u0621 \u0627\u0644\u0644\u0627\u062a\u064a \u0641\u0642\u062f\u0646 \u0639\u0630\u0631\u064a\u062a\u0647\u0646<\/p>\n                                <\/div>\n\n                                \t\n\n                            <\/div>\n                        <\/div>\n                    <\/div>\n                                    <\/div>\n            <\/div>\n        <\/section>\n        <!-- services-area end -->\n\n        \t\n\n\t\t\t<\/div>\n\t\t\t\t<\/div>\n\t\t\t\t\t<\/div>\n\t\t<\/div>\n\t\t\t\t\t<\/div>\n\t\t<\/section>\n\t\t\t\t<\/div>","protected":false},"excerpt":{"rendered":"<p>Orgazmik Shot Uygulamas\u0131 Klitoris ve vajen i\u00e7indeki duyarl\u0131 cinsel haz noktalar\u0131na yap\u0131lan orgazmik shot uygulamas\u0131<\/p>","protected":false},"author":1,"featured_media":0,"parent":0,"menu_order":0,"comment_status":"closed","ping_status":"closed","template":"elementor_header_footer","meta":{"_acf_changed":false,"_themeisle_gutenberg_block_has_review":false,"footnotes":""},"class_list":["post-2880","page","type-page","status-publish","hentry"],"acf":[],"_links":{"self":[{"href":"https:\/\/burcaktok.com\/ar\/wp-json\/wp\/v2\/pages\/2880","targetHints":{"allow":["GET"]}}],"collection":[{"href":"https:\/\/burcaktok.com\/ar\/wp-json\/wp\/v2\/pages"}],"about":[{"href":"https:\/\/burcaktok.com\/ar\/wp-json\/wp\/v2\/types\/page"}],"author":[{"embeddable":true,"href":"https:\/\/burcaktok.com\/ar\/wp-json\/wp\/v2\/users\/1"}],"replies":[{"embeddable":true,"href":"https:\/\/burcaktok.com\/ar\/wp-json\/wp\/v2\/comments?post=2880"}],"version-history":[{"count":6,"href":"https:\/\/burcaktok.com\/ar\/wp-json\/wp\/v2\/pages\/2880\/revisions"}],"predecessor-version":[{"id":7660,"href":"https:\/\/burcaktok.com\/ar\/wp-json\/wp\/v2\/pages\/2880\/revisions\/7660"}],"wp:attachment":[{"href":"https:\/\/burcaktok.com\/ar\/wp-json\/wp\/v2\/media?parent=2880"}],"curies":[{"name":"wp","href":"https:\/\/api.w.org\/{rel}","templated":true}]}}