{"id":1772,"date":"2021-04-30T06:36:03","date_gmt":"2021-04-30T03:36:03","guid":{"rendered":"https:\/\/www.devsnews.com\/wp\/medidove\/about-05-copy\/"},"modified":"2025-07-03T17:05:48","modified_gmt":"2025-07-03T14:05:48","slug":"about-me","status":"publish","type":"page","link":"https:\/\/burcaktok.com\/en\/hakkimda\/","title":{"rendered":"About me"},"content":{"rendered":"\t\t<div data-elementor-type=\"wp-post\" data-elementor-id=\"1772\" class=\"elementor elementor-1772\">\n\t\t\t\t\t\t<section class=\"elementor-section elementor-top-section elementor-element elementor-element-6442ff4 elementor-section-full_width slidealti elementor-section-height-default elementor-section-height-default\" data-id=\"6442ff4\" data-element_type=\"section\">\n\t\t\t\t\t\t<div class=\"elementor-container elementor-column-gap-no\">\n\t\t\t\t\t<div class=\"elementor-column elementor-col-100 elementor-top-column elementor-element elementor-element-bad5422\" data-id=\"bad5422\" data-element_type=\"column\">\n\t\t\t<div class=\"elementor-widget-wrap elementor-element-populated\">\n\t\t\t\t\t\t<div class=\"elementor-element elementor-element-0a8ca1f elementor-align-left hkkmda elementor-widget elementor-widget-bdevs-about\" data-id=\"0a8ca1f\" data-element_type=\"widget\" data-widget_type=\"bdevs-about.default\">\n\t\t\t\t<div class=\"elementor-widget-container\">\n\t\t\t\n\t        <section class=\"about-area about-style-6\">\n\t            <div class=\"container\">\n\t                <div class=\"row\">\n\t                    <div class=\"col-xl-6 col-lg-5\">\n\t                        <div class=\"about-left-side pos-rel mb-30\">\n\t                            <div class=\"about-img pos-rel\">\n\t\t                            \t\t\t\t\t\t\t\t\t   <img decoding=\"async\" src=\"https:\/\/burcaktok.com\/wp-content\/uploads\/2022\/01\/burcak-hakkimda.png\" alt=\"About Image\" title=\"\">\n\t\t\t\t\t\t\t\t\t  \n\t                            <\/div>\n\t                        <\/div>\n\t                    <\/div>\n\t                    <div class=\"col-xl-6 col-lg-7\">\n\t                        <div class=\"about-right-side mb-30 tp-el-content\">\n\t                            <div class=\"about-title mb-20\">\n\t                            \t\t\t\t\t\t\t\t\t\t<h5 class=\"sec-sub tp-el-subtitle\"><span><\/span>Operat\u00f6r. Dr. Bur\u00e7ak Tok<\/h5>\n\t\t\t\t\t\t\t\t\t\t \n\n\t\t\t\t\t\t\t\t\t\t\t\t\t\t\t\t\t\t<h2 class=\"sec-title tp-el-title\">Doktorunuzu Yak\u0131ndan Tan\u0131y\u0131n<\/h2>\n\t\t\t\t\t\t\t\t\t\t                            <\/div>\n\t                            <div class=\"about-text mb-50\">\n\t                                15 Mart 1975 tarihinde\u00a0\u0130stanbul'da\u00a0do\u011fdum. Ortaokul ve lise e\u011fitimimi Kocaeli \u00d6zel Seymen Lisesinde tamamlad\u0131ktan sonra 1992 y\u0131l\u0131nda \u0130stanbul T\u0131p Fak\u00fcltesi'ne girdim. 1998 y\u0131l\u0131nda \u00fcniversiteden mezun oldu\u011fumda annem gibi Kad\u0131n Do\u011fum Uzman\u0131 olmaya karar verdim.\u00a01999-2003 tarihleri aras\u0131nda\u00a0 G\u00f6ztepe SSK E\u011fitim ve\u00a0\u00a0Ara\u015ft\u0131rma Hastanesi'nde\u00a0kad\u0131n hastal\u0131klar\u0131 ve do\u011fum\u00a0 ihtisas\u0131m\u0131\u00a0tamamlad\u0131m. \u00c7al\u0131\u015fma hayat\u0131ma, 2003-2005 y\u0131llar\u0131 aras\u0131nda Bursa Gemlik SSK Hastanesi\u2019nde ba\u015flad\u0131m. Ard\u0131ndan 2006-2012 y\u0131llar\u0131 aras\u0131nda \u00d6zel Pendik \u015eifa Hastanesi, 2012-2017 y\u0131llar\u0131 aras\u0131nda \u00d6zel Tuzla Gisbir Hastanesi, 2017-2021 y\u0131llar\u0131 aras\u0131nda\u00a0 \u00d6zel Pendik \u015eifa Hastanesinde devam ettikten sonra 2022\u00a0 y\u0131l\u0131nda\u00a0 kendi muayenehanemi a\u00e7maya karar verdim. Halen hastalar\u0131m\u0131 kendi muayenehanemde g\u00f6rmeye devam etmekteyim.\n\n<strong>Say\u0131s\u0131z kongre ve kurslara kat\u0131ld\u0131m. Son d\u00f6nem e\u011fitimlerim aras\u0131nda;<\/strong>\n<ul>\n \t<li>2019 y\u0131l\u0131nda\u00a0 \u00a0ISAGSS 'nin d\u00fczenledi\u011fi ( International Society of Aesthetic Genital Surgery) ''Genital Estetik Cerrahi ''e\u011fitimi,<\/li>\n \t<li>2021 y\u0131l\u0131nda da\u00a0 ''Cinsel Fonksiyon Bozukluklar\u0131 ve Cinsel Terapi ''e\u011fitimimi tamamlad\u0131m.<\/li>\n<\/ul>\n<strong>\u00dcyeliklerim;<\/strong>\n<ul>\n \t<li>TJOD (T\u00fcrk Jinekoloji ve Obstetrik Derne\u011fi),<\/li>\n \t<li>ISAGSS (International Society of Aesthetic Genital Surgery),<\/li>\n \t<li>C\u0130SED\u00a0 (Cinsel Sa\u011fl\u0131k Enstit\u00fcs\u00fc Derne\u011fi)<\/li>\n<\/ul>\t                            <\/div>\n\t                            <div class=\"our-destination\">\n\t                                \t\t                                <div class=\"single-item mb-30\">\n\t\t\t\t\t\t\t\t\t\t\t\t\t                                    <div class=\"mv-icon f-left\">\n\t\t                                        <img decoding=\"async\" src=\"https:\/\/burcaktok.com\/wp-content\/uploads\/2022\/01\/basarili-operasyon.png\" alt=\"Fact #1\" title=\"\">\n\t\t                                    <\/div>\n\t\t                                    \n\t\t                                    <div class=\"mv-title fix\">\n\t\t                                        <h3>Binlerce Ba\u015far\u0131l\u0131 Operasyon<\/h3>\n\t\t                                        \t\t\t\t\t\t\t\t\t\t\t\t<p>Operat\u00f6r. Dr. Bur\u00e7ak Tok ge\u00e7mi\u015ften g\u00fcn\u00fcm\u00fcze binlerce ba\u015far\u0131l\u0131 operasyona imza atm\u0131\u015ft\u0131r. Hastalar taraf\u0131ndan \u00e7ok fazla tercih edilen Op. Dr. Bur\u00e7ak Tok hastalar\u0131na en iyi hizmeti vermeyi ama\u00e7lamaktad\u0131r.<\/p>\n\t\t\t\t\t\t\t\t\t\t\t\t\t\t                                    <\/div>\n\t\t                                <\/div>\n\t\t\t                    \t\t\t                                <div class=\"single-item mb-30\">\n\t\t\t\t\t\t\t\t\t\t\t\t\t                                    <div class=\"mv-icon f-left\">\n\t\t                                        <img decoding=\"async\" src=\"https:\/\/burcaktok.com\/wp-content\/uploads\/2022\/01\/kadin-hastaliklari.png\" alt=\"Fact #2\" title=\"\">\n\t\t                                    <\/div>\n\t\t                                    \n\t\t                                    <div class=\"mv-title fix\">\n\t\t                                        <h3>Kad\u0131n Hastal\u0131klar\u0131, Do\u011fum, Estetik...<\/h3>\n\t\t                                        \t\t\t\t\t\t\t\t\t\t\t\t<p>Operat\u00f6r. Dr. Bur\u00e7ak Tok kad\u0131n hastal\u0131klar\u0131, gebelik ve do\u011fum, estetik, k\u00fcrtaj, cinsel dan\u0131\u015fmanl\u0131k gibi alanlarda hastalar\u0131na hizmet vermektedir. <\/p>\n\t\t\t\t\t\t\t\t\t\t\t\t\t\t                                    <\/div>\n\t\t                                <\/div>\n\t\t\t                    \t\t                            <\/div>\n\t                        <\/div>\n\t                    <\/div>\n\t                <\/div>\n\t            <\/div>\n\t        <\/section>\n\n\t\t\t\n\t\t\t<\/div>\n\t\t\t\t<\/div>\n\t\t\t\t<div class=\"elementor-element elementor-element-3ce443c elementor-align-left elementor-widget elementor-widget-bdevs-appointment\" data-id=\"3ce443c\" data-element_type=\"widget\" data-widget_type=\"bdevs-appointment.default\">\n\t\t\t\t<div class=\"elementor-widget-container\">\n\t\t\t\n\t   \t        \n        <section class=\"appointment-area appointment-area-3 pos-rel\" data-background=\"\">\n            <div class=\"container\">\n                <div class=\"row\">\n                    <div class=\"col-xl-7 col-lg-8\">\n                        <div class=\"calculate-box white-bg\">\n                        \t\n<div class=\"wpcf7 no-js\" id=\"wpcf7-f454-o1\" lang=\"en-US\" dir=\"ltr\" data-wpcf7-id=\"454\">\n<div class=\"screen-reader-response\"><p role=\"status\" aria-live=\"polite\" aria-atomic=\"true\"><\/p> <ul><\/ul><\/div>\n<form action=\"\/en\/wp-json\/wp\/v2\/pages\/1772#wpcf7-f454-o1\" method=\"post\" class=\"wpcf7-form init\" aria-label=\"Contact form\" novalidate=\"novalidate\" data-status=\"init\">\n<fieldset class=\"hidden-fields-container\"><input type=\"hidden\" name=\"_wpcf7\" value=\"454\" \/><input type=\"hidden\" name=\"_wpcf7_version\" value=\"6.1.5\" \/><input type=\"hidden\" name=\"_wpcf7_locale\" value=\"en_US\" \/><input type=\"hidden\" name=\"_wpcf7_unit_tag\" value=\"wpcf7-f454-o1\" \/><input type=\"hidden\" name=\"_wpcf7_container_post\" value=\"0\" \/><input type=\"hidden\" name=\"_wpcf7_posted_data_hash\" value=\"\" \/>\n<\/fieldset>\n<div class=\"calculate-content\">\n\t<div class=\"row\">\n\t\t<div class=\"col-xl-12\">\n\t\t\t<div class=\"about-title news-letter-title mb-70\">\n\t\t\t\t<h5 class=\"pink-color\">Operat\u00f6r. Dr. Bur\u00e7ak Tok\n\t\t\t\t<\/h5>\n\t\t\t\t<h3 style=\"font-size:40px;\">Online Randevu Al\n\t\t\t\t<\/h3>\n\t\t\t<\/div>\n\t\t<\/div>\n\t<\/div>\n\t<div class=\"row\">\n\t\t<div class=\"col-xl-6 col-lg-6 col-md-6\">\n\t\t\t<div class=\"calculate-form appointment-form-3 mb-20\">\n\t\t\t\t<p><span class=\"wpcf7-form-control-wrap\" data-name=\"isim\"><input size=\"40\" maxlength=\"400\" class=\"wpcf7-form-control wpcf7-text wpcf7-validates-as-required\" aria-required=\"true\" aria-invalid=\"false\" placeholder=\"Ad Soyad\" value=\"\" type=\"text\" name=\"isim\" \/><\/span><i class=\"fal fa-user\"><\/i>\n\t\t\t\t<\/p>\n\t\t\t<\/div>\n\t\t<\/div>\n\t\t<div class=\"col-xl-6 col-lg-6 col-md-6\">\n\t\t\t<div class=\"calculate-form appointment-form-3 mb-20\">\n\t\t\t\t<p><span class=\"wpcf7-form-control-wrap\" data-name=\"telefon\"><input size=\"40\" maxlength=\"400\" class=\"wpcf7-form-control wpcf7-text wpcf7-validates-as-required\" aria-required=\"true\" aria-invalid=\"false\" placeholder=\"Telefon\" value=\"\" type=\"text\" name=\"telefon\" \/><\/span><i class=\"fal fa-phone\"><\/i>\n\t\t\t\t<\/p>\n\t\t\t<\/div>\n\t\t<\/div>\n\t\t<div class=\"col-xl-12 col-lg-12 col-md-12\">\n\t\t\t<div class=\"calculate-form appointment-form-3 mb-20\">\n\t\t\t\t<p><span class=\"wpcf7-form-control-wrap\" data-name=\"konu\"><input size=\"40\" maxlength=\"400\" class=\"wpcf7-form-control wpcf7-text wpcf7-validates-as-required\" aria-required=\"true\" aria-invalid=\"false\" placeholder=\"Konu\" value=\"\" type=\"text\" name=\"konu\" \/><\/span><i class=\"fal fa-book\"><\/i>\n\t\t\t\t<\/p>\n\t\t\t<\/div>\n\t\t<\/div>\n\t\t<div class=\"col-xl-12 col-lg-12 col-md-12\">\n\t\t\t<div class=\"calculate-form appointment-form-3 mb-20\">\n\t\t\t\t<p><span class=\"wpcf7-form-control-wrap\" data-name=\"mesaj\"><textarea cols=\"40\" rows=\"10\" maxlength=\"2000\" class=\"wpcf7-form-control wpcf7-textarea wpcf7-validates-as-required\" aria-required=\"true\" aria-invalid=\"false\" placeholder=\"Mesaj\" name=\"mesaj\"><\/textarea><\/span><i class=\"fal fa-envelope\"><\/i>\n\t\t\t\t<\/p>\n\t\t\t<\/div>\n\t\t<\/div>\n\t\t<div class=\"col-xl-12\">\n\t\t\t<p><span class=\"wpcf7-form-control-wrap\" data-name=\"hcap-cf7\">\t\t<input\n\t\t\t\ttype=\"hidden\"\n\t\t\t\tclass=\"hcaptcha-widget-id\"\n\t\t\t\tname=\"hcaptcha-widget-id\"\n\t\t\t\tvalue=\"eyJzb3VyY2UiOlsiY29udGFjdC1mb3JtLTdcL3dwLWNvbnRhY3QtZm9ybS03LnBocCJdLCJmb3JtX2lkIjo0NTR9-d34ac8a072aa98c0c0391b0e0a92e15b\">\n\t\t\t\t<span id=\"hcap_cf7-69f54778876f65.81602912\" class=\"wpcf7-form-control h-captcha \"\n\t\t\tdata-sitekey=\"42c87816-cee2-40c9-80ac-ccde307446eb\"\n\t\t\tdata-theme=\"light\"\n\t\t\tdata-size=\"normal\"\n\t\t\tdata-auto=\"false\"\n\t\t\tdata-ajax=\"false\"\n\t\t\tdata-force=\"false\">\n\t\t<\/span>\n\t\t<input type=\"hidden\" id=\"_wpnonce\" name=\"_wpnonce\" value=\"c64e18b0f2\" \/><input type=\"hidden\" name=\"_wp_http_referer\" value=\"\/en\/wp-json\/wp\/v2\/pages\/1772\" \/><\/span><input class=\"wpcf7-form-control wpcf7-submit has-spinner btn w-100 mt-40\" type=\"submit\" value=\"G\u00f6nder\" \/>\n\t\t\t<\/p>\n\t\t<\/div>\n\t<\/div>\n<\/div><div class=\"wpcf7-response-output\" aria-hidden=\"true\"><\/div>\n<\/form>\n<\/div>\n                        <\/div>\n                    <\/div>\n                <\/div>\n            <\/div>\n        <\/section>\n\n        \t\n        \t\n\t\t\t<\/div>\n\t\t\t\t<\/div>\n\t\t\t\t\t<\/div>\n\t\t<\/div>\n\t\t\t\t\t<\/div>\n\t\t<\/section>\n\t\t\t\t<section class=\"elementor-section elementor-top-section elementor-element elementor-element-d23e831 elementor-section-boxed elementor-section-height-default elementor-section-height-default\" data-id=\"d23e831\" data-element_type=\"section\">\n\t\t\t\t\t\t<div class=\"elementor-container elementor-column-gap-default\">\n\t\t\t\t\t<div class=\"elementor-column elementor-col-100 elementor-top-column elementor-element elementor-element-fa12b18\" data-id=\"fa12b18\" data-element_type=\"column\">\n\t\t\t<div class=\"elementor-widget-wrap elementor-element-populated\">\n\t\t\t\t\t\t<div class=\"elementor-element elementor-element-c3eb54d hizmetbaslik elementor-widget elementor-widget-heading\" data-id=\"c3eb54d\" data-element_type=\"widget\" data-widget_type=\"heading.default\">\n\t\t\t\t<div class=\"elementor-widget-container\">\n\t\t\t<style>\/*! elementor - v3.21.0 - 26-05-2024 *\/\n.elementor-heading-title{padding:0;margin:0;line-height:1}.elementor-widget-heading .elementor-heading-title[class*=elementor-size-]>a{color:inherit;font-size:inherit;line-height:inherit}.elementor-widget-heading .elementor-heading-title.elementor-size-small{font-size:15px}.elementor-widget-heading .elementor-heading-title.elementor-size-medium{font-size:19px}.elementor-widget-heading .elementor-heading-title.elementor-size-large{font-size:29px}.elementor-widget-heading .elementor-heading-title.elementor-size-xl{font-size:39px}.elementor-widget-heading .elementor-heading-title.elementor-size-xxl{font-size:59px}<\/style><div class=\"elementor-heading-title elementor-size-default\">Hizmetlerimiz<\/div>\t\t<\/div>\n\t\t\t\t<\/div>\n\t\t\t\t\t<\/div>\n\t\t<\/div>\n\t\t\t\t\t<\/div>\n\t\t<\/section>\n\t\t\t\t<section class=\"elementor-section elementor-top-section elementor-element elementor-element-3feb801 elementor-section-boxed elementor-section-height-default elementor-section-height-default\" data-id=\"3feb801\" data-element_type=\"section\">\n\t\t\t\t\t\t<div class=\"elementor-container elementor-column-gap-default\">\n\t\t\t\t\t<div class=\"elementor-column elementor-col-33 elementor-top-column elementor-element elementor-element-b8ed564\" data-id=\"b8ed564\" data-element_type=\"column\">\n\t\t\t<div class=\"elementor-widget-wrap elementor-element-populated\">\n\t\t\t\t\t\t<div class=\"elementor-element elementor-element-e42b234 elementor-widget elementor-widget-image\" data-id=\"e42b234\" data-element_type=\"widget\" data-widget_type=\"image.default\">\n\t\t\t\t<div class=\"elementor-widget-container\">\n\t\t\t<style>\/*! elementor - v3.21.0 - 26-05-2024 *\/\n.elementor-widget-image{text-align:center}.elementor-widget-image a{display:inline-block}.elementor-widget-image a img[src$=\".svg\"]{width:48px}.elementor-widget-image img{vertical-align:middle;display:inline-block}<\/style>\t\t\t\t\t\t\t\t\t\t\t<a href=\"https:\/\/burcaktok.com\/gebelik-ve-dogum\/\">\n\t\t\t\t\t\t\t<img fetchpriority=\"high\" decoding=\"async\" width=\"640\" height=\"320\" src=\"https:\/\/burcaktok.com\/wp-content\/uploads\/2019\/05\/gebelik-oncesi-danismanlik.jpg\" class=\"attachment-large size-large wp-image-2732\" alt=\"\" srcset=\"https:\/\/burcaktok.com\/wp-content\/uploads\/2019\/05\/gebelik-oncesi-danismanlik.jpg 900w, https:\/\/burcaktok.com\/wp-content\/uploads\/2019\/05\/gebelik-oncesi-danismanlik-300x150.jpg 300w, https:\/\/burcaktok.com\/wp-content\/uploads\/2019\/05\/gebelik-oncesi-danismanlik-768x384.jpg 768w\" sizes=\"(max-width: 640px) 100vw, 640px\" title=\"\">\t\t\t\t\t\t\t\t<\/a>\n\t\t\t\t\t\t\t\t\t\t\t\t\t<\/div>\n\t\t\t\t<\/div>\n\t\t\t\t<div class=\"elementor-element elementor-element-8dffcc3 elementor-widget elementor-widget-heading\" data-id=\"8dffcc3\" data-element_type=\"widget\" data-widget_type=\"heading.default\">\n\t\t\t\t<div class=\"elementor-widget-container\">\n\t\t\t<h3 class=\"elementor-heading-title elementor-size-default\"><a href=\"https:\/\/burcaktok.com\/gebelik-ve-dogum\/\">Gebelik ve Do\u011fum<\/a><\/h3>\t\t<\/div>\n\t\t\t\t<\/div>\n\t\t\t\t\t<\/div>\n\t\t<\/div>\n\t\t\t\t<div class=\"elementor-column elementor-col-33 elementor-top-column elementor-element elementor-element-556157a\" data-id=\"556157a\" data-element_type=\"column\">\n\t\t\t<div class=\"elementor-widget-wrap elementor-element-populated\">\n\t\t\t\t\t\t<div class=\"elementor-element elementor-element-c3593f3 elementor-widget elementor-widget-image\" data-id=\"c3593f3\" data-element_type=\"widget\" data-widget_type=\"image.default\">\n\t\t\t\t<div class=\"elementor-widget-container\">\n\t\t\t\t\t\t\t\t\t\t\t\t\t\t<a href=\"https:\/\/burcaktok.com\/kadin-hastaliklari\/\">\n\t\t\t\t\t\t\t<img decoding=\"async\" width=\"640\" height=\"320\" src=\"https:\/\/burcaktok.com\/wp-content\/uploads\/2022\/01\/hormonal-bozukluklar.jpg\" class=\"attachment-large size-large wp-image-2755\" alt=\"\" srcset=\"https:\/\/burcaktok.com\/wp-content\/uploads\/2022\/01\/hormonal-bozukluklar.jpg 900w, https:\/\/burcaktok.com\/wp-content\/uploads\/2022\/01\/hormonal-bozukluklar-300x150.jpg 300w, https:\/\/burcaktok.com\/wp-content\/uploads\/2022\/01\/hormonal-bozukluklar-768x384.jpg 768w\" sizes=\"(max-width: 640px) 100vw, 640px\" title=\"\">\t\t\t\t\t\t\t\t<\/a>\n\t\t\t\t\t\t\t\t\t\t\t\t\t<\/div>\n\t\t\t\t<\/div>\n\t\t\t\t<div class=\"elementor-element elementor-element-785880d elementor-widget elementor-widget-heading\" data-id=\"785880d\" data-element_type=\"widget\" data-widget_type=\"heading.default\">\n\t\t\t\t<div class=\"elementor-widget-container\">\n\t\t\t<h3 class=\"elementor-heading-title elementor-size-default\"><a href=\"https:\/\/burcaktok.com\/kadin-hastaliklari\/\">Kad\u0131n Hastal\u0131klar\u0131<\/a><\/h3>\t\t<\/div>\n\t\t\t\t<\/div>\n\t\t\t\t\t<\/div>\n\t\t<\/div>\n\t\t\t\t<div class=\"elementor-column elementor-col-33 elementor-top-column elementor-element elementor-element-01730bd\" data-id=\"01730bd\" data-element_type=\"column\">\n\t\t\t<div class=\"elementor-widget-wrap elementor-element-populated\">\n\t\t\t\t\t\t<div class=\"elementor-element elementor-element-f40f2ef elementor-widget elementor-widget-image\" data-id=\"f40f2ef\" data-element_type=\"widget\" data-widget_type=\"image.default\">\n\t\t\t\t<div class=\"elementor-widget-container\">\n\t\t\t\t\t\t\t\t\t\t\t\t\t\t<a href=\"https:\/\/burcaktok.com\/genital-estetik\/\">\n\t\t\t\t\t\t\t<img decoding=\"async\" width=\"640\" height=\"320\" src=\"https:\/\/burcaktok.com\/wp-content\/uploads\/2022\/01\/cerrahi-olmayan-genital-estetik.jpg\" class=\"attachment-large size-large wp-image-2774\" alt=\"\" srcset=\"https:\/\/burcaktok.com\/wp-content\/uploads\/2022\/01\/cerrahi-olmayan-genital-estetik.jpg 900w, https:\/\/burcaktok.com\/wp-content\/uploads\/2022\/01\/cerrahi-olmayan-genital-estetik-300x150.jpg 300w, https:\/\/burcaktok.com\/wp-content\/uploads\/2022\/01\/cerrahi-olmayan-genital-estetik-768x384.jpg 768w\" sizes=\"(max-width: 640px) 100vw, 640px\" title=\"\">\t\t\t\t\t\t\t\t<\/a>\n\t\t\t\t\t\t\t\t\t\t\t\t\t<\/div>\n\t\t\t\t<\/div>\n\t\t\t\t<div class=\"elementor-element elementor-element-019122a elementor-widget elementor-widget-heading\" data-id=\"019122a\" data-element_type=\"widget\" data-widget_type=\"heading.default\">\n\t\t\t\t<div class=\"elementor-widget-container\">\n\t\t\t<h3 class=\"elementor-heading-title elementor-size-default\"><a href=\"https:\/\/burcaktok.com\/genital-estetik\/\">Genital Estetik<\/a><\/h3>\t\t<\/div>\n\t\t\t\t<\/div>\n\t\t\t\t\t<\/div>\n\t\t<\/div>\n\t\t\t\t\t<\/div>\n\t\t<\/section>\n\t\t\t\t<section class=\"elementor-section elementor-top-section elementor-element elementor-element-78a39e3 elementor-section-boxed elementor-section-height-default elementor-section-height-default\" data-id=\"78a39e3\" data-element_type=\"section\">\n\t\t\t\t\t\t<div class=\"elementor-container elementor-column-gap-default\">\n\t\t\t\t\t<div class=\"elementor-column elementor-col-33 elementor-top-column elementor-element elementor-element-000197f\" data-id=\"000197f\" data-element_type=\"column\">\n\t\t\t<div class=\"elementor-widget-wrap elementor-element-populated\">\n\t\t\t\t\t\t<div class=\"elementor-element elementor-element-14ba56d elementor-widget elementor-widget-image\" data-id=\"14ba56d\" data-element_type=\"widget\" data-widget_type=\"image.default\">\n\t\t\t\t<div class=\"elementor-widget-container\">\n\t\t\t\t\t\t\t\t\t\t\t\t\t\t<a href=\"https:\/\/burcaktok.com\/cinsel-danismanlik\/\">\n\t\t\t\t\t\t\t<img loading=\"lazy\" decoding=\"async\" width=\"640\" height=\"320\" src=\"https:\/\/burcaktok.com\/wp-content\/uploads\/2022\/01\/menopoz-tedavisi-45.jpg\" class=\"attachment-large size-large wp-image-2747\" alt=\"\" srcset=\"https:\/\/burcaktok.com\/wp-content\/uploads\/2022\/01\/menopoz-tedavisi-45.jpg 900w, https:\/\/burcaktok.com\/wp-content\/uploads\/2022\/01\/menopoz-tedavisi-45-300x150.jpg 300w, https:\/\/burcaktok.com\/wp-content\/uploads\/2022\/01\/menopoz-tedavisi-45-768x384.jpg 768w\" sizes=\"(max-width: 640px) 100vw, 640px\" title=\"\">\t\t\t\t\t\t\t\t<\/a>\n\t\t\t\t\t\t\t\t\t\t\t\t\t<\/div>\n\t\t\t\t<\/div>\n\t\t\t\t<div class=\"elementor-element elementor-element-4f2d14b elementor-widget elementor-widget-heading\" data-id=\"4f2d14b\" data-element_type=\"widget\" data-widget_type=\"heading.default\">\n\t\t\t\t<div class=\"elementor-widget-container\">\n\t\t\t<h3 class=\"elementor-heading-title elementor-size-default\"><a href=\"https:\/\/burcaktok.com\/cinsel-danismanlik\/\">Cinsel Dan\u0131\u015fmanl\u0131k<\/a><\/h3>\t\t<\/div>\n\t\t\t\t<\/div>\n\t\t\t\t\t<\/div>\n\t\t<\/div>\n\t\t\t\t<div class=\"elementor-column elementor-col-33 elementor-top-column elementor-element elementor-element-647fdc7\" data-id=\"647fdc7\" data-element_type=\"column\">\n\t\t\t<div class=\"elementor-widget-wrap elementor-element-populated\">\n\t\t\t\t\t\t<div class=\"elementor-element elementor-element-e92e2dd elementor-widget elementor-widget-image\" data-id=\"e92e2dd\" data-element_type=\"widget\" data-widget_type=\"image.default\">\n\t\t\t\t<div class=\"elementor-widget-container\">\n\t\t\t\t\t\t\t\t\t\t\t\t\t\t<a href=\"https:\/\/burcaktok.com\/kurtaj\/\">\n\t\t\t\t\t\t\t<img loading=\"lazy\" decoding=\"async\" width=\"640\" height=\"320\" src=\"https:\/\/burcaktok.com\/wp-content\/uploads\/2022\/01\/kurtaj.jpg\" class=\"attachment-large size-large wp-image-2796\" alt=\"\" srcset=\"https:\/\/burcaktok.com\/wp-content\/uploads\/2022\/01\/kurtaj.jpg 900w, https:\/\/burcaktok.com\/wp-content\/uploads\/2022\/01\/kurtaj-300x150.jpg 300w, https:\/\/burcaktok.com\/wp-content\/uploads\/2022\/01\/kurtaj-768x384.jpg 768w\" sizes=\"(max-width: 640px) 100vw, 640px\" title=\"\">\t\t\t\t\t\t\t\t<\/a>\n\t\t\t\t\t\t\t\t\t\t\t\t\t<\/div>\n\t\t\t\t<\/div>\n\t\t\t\t<div class=\"elementor-element elementor-element-e1a4863 elementor-widget elementor-widget-heading\" data-id=\"e1a4863\" data-element_type=\"widget\" data-widget_type=\"heading.default\">\n\t\t\t\t<div class=\"elementor-widget-container\">\n\t\t\t<h3 class=\"elementor-heading-title elementor-size-default\"><a href=\"https:\/\/burcaktok.com\/kurtaj\/\">K\u00fcrtaj<\/a><\/h3>\t\t<\/div>\n\t\t\t\t<\/div>\n\t\t\t\t\t<\/div>\n\t\t<\/div>\n\t\t\t\t<div class=\"elementor-column elementor-col-33 elementor-top-column elementor-element elementor-element-e553c5d\" data-id=\"e553c5d\" data-element_type=\"column\">\n\t\t\t<div class=\"elementor-widget-wrap\">\n\t\t\t\t\t\t\t<\/div>\n\t\t<\/div>\n\t\t\t\t\t<\/div>\n\t\t<\/section>\n\t\t\t\t<\/div>\n\t\t","protected":false},"excerpt":{"rendered":"<p>Operat\u00f6r. Dr. Bur\u00e7ak Tok Doktorunuzu Yak\u0131ndan Tan\u0131y\u0131n 15 Mart 1975 tarihinde\u00a0\u0130stanbul&#8217;da\u00a0do\u011fdum. Ortaokul ve lise e\u011fitimimi Kocaeli \u00d6zel Seymen Lisesinde tamamlad\u0131ktan sonra 1992 y\u0131l\u0131nda \u0130stanbul T\u0131p Fak\u00fcltesi&#8217;ne girdim. 1998 y\u0131l\u0131nda \u00fcniversiteden mezun oldu\u011fumda annem gibi Kad\u0131n Do\u011fum Uzman\u0131 olmaya karar verdim.\u00a01999-2003 tarihleri aras\u0131nda\u00a0 G\u00f6ztepe SSK E\u011fitim ve\u00a0\u00a0Ara\u015ft\u0131rma Hastanesi&#8217;nde\u00a0kad\u0131n hastal\u0131klar\u0131 ve do\u011fum\u00a0 ihtisas\u0131m\u0131\u00a0tamamlad\u0131m. \u00c7al\u0131\u015fma hayat\u0131ma, 2003-2005 y\u0131llar\u0131 [&hellip;]<\/p>\n","protected":false},"author":1,"featured_media":0,"parent":0,"menu_order":0,"comment_status":"closed","ping_status":"closed","template":"elementor_header_footer","meta":{"_acf_changed":false,"_themeisle_gutenberg_block_has_review":false,"footnotes":""},"class_list":["post-1772","page","type-page","status-publish","hentry"],"acf":[],"_links":{"self":[{"href":"https:\/\/burcaktok.com\/en\/wp-json\/wp\/v2\/pages\/1772","targetHints":{"allow":["GET"]}}],"collection":[{"href":"https:\/\/burcaktok.com\/en\/wp-json\/wp\/v2\/pages"}],"about":[{"href":"https:\/\/burcaktok.com\/en\/wp-json\/wp\/v2\/types\/page"}],"author":[{"embeddable":true,"href":"https:\/\/burcaktok.com\/en\/wp-json\/wp\/v2\/users\/1"}],"replies":[{"embeddable":true,"href":"https:\/\/burcaktok.com\/en\/wp-json\/wp\/v2\/comments?post=1772"}],"version-history":[{"count":1,"href":"https:\/\/burcaktok.com\/en\/wp-json\/wp\/v2\/pages\/1772\/revisions"}],"predecessor-version":[{"id":7670,"href":"https:\/\/burcaktok.com\/en\/wp-json\/wp\/v2\/pages\/1772\/revisions\/7670"}],"wp:attachment":[{"href":"https:\/\/burcaktok.com\/en\/wp-json\/wp\/v2\/media?parent=1772"}],"curies":[{"name":"wp","href":"https:\/\/api.w.org\/{rel}","templated":true}]}}