{"id":2870,"date":"2022-01-06T18:06:57","date_gmt":"2022-01-06T15:06:57","guid":{"rendered":"https:\/\/burcaktok.com\/?page_id=2870"},"modified":"2025-07-03T17:03:54","modified_gmt":"2025-07-03T14:03:54","slug":"pregnancy-and-birth","status":"publish","type":"page","link":"https:\/\/burcaktok.com\/en\/pregnancy-and-birth\/","title":{"rendered":"Pregnancy"},"content":{"rendered":"<div data-elementor-type=\"wp-post\" data-elementor-id=\"2870\" class=\"elementor elementor-2870\">\n\t\t\t\t\t\t<section class=\"elementor-section elementor-top-section elementor-element elementor-element-17264a9 elementor-section-full_width tumtedaviler banneralt elementor-section-height-default elementor-section-height-default\" data-id=\"17264a9\" data-element_type=\"section\" data-settings=\"{&quot;background_background&quot;:&quot;classic&quot;}\">\n\t\t\t\t\t\t<div class=\"elementor-container elementor-column-gap-default\">\n\t\t\t\t\t<div class=\"elementor-column elementor-col-100 elementor-top-column elementor-element elementor-element-36610c0\" data-id=\"36610c0\" data-element_type=\"column\">\n\t\t\t<div class=\"elementor-widget-wrap elementor-element-populated\">\n\t\t\t\t\t\t<div class=\"elementor-element elementor-element-421ce41 elementor-align-left elementor-widget elementor-widget-bdevs-service-post\" data-id=\"421ce41\" data-element_type=\"widget\" data-widget_type=\"bdevs-service-post.default\">\n\t\t\t\t<div class=\"elementor-widget-container\">\n\t\t\t\n\t\t        <!-- services-area start -->\n        <section class=\"servcies-area\">\n            <div class=\"container\">\n                <div class=\"row\">\n\t\t\t\t                        <div class=\"col-xl-4 col-lg-4 col-md-6\">\n                        <div class=\"service-box-3 mb-30 text-center\">\n                            <div class=\"service-thumb\">\n                                <a href=\"https:\/\/burcaktok.com\/en\/tedaviler\/birth\/\"><img fetchpriority=\"high\" decoding=\"async\" width=\"1600\" height=\"1067\" src=\"https:\/\/burcaktok.com\/wp-content\/uploads\/2022\/03\/dogum.jpg\" class=\"attachment-post-thumbnail size-post-thumbnail wp-post-image\" alt=\"birth\" srcset=\"https:\/\/burcaktok.com\/wp-content\/uploads\/2022\/03\/dogum.jpg 1600w, https:\/\/burcaktok.com\/wp-content\/uploads\/2022\/03\/dogum-300x200.jpg 300w, https:\/\/burcaktok.com\/wp-content\/uploads\/2022\/03\/dogum-1024x683.jpg 1024w, https:\/\/burcaktok.com\/wp-content\/uploads\/2022\/03\/dogum-768x512.jpg 768w, https:\/\/burcaktok.com\/wp-content\/uploads\/2022\/03\/dogum-1536x1024.jpg 1536w\" sizes=\"(max-width: 1600px) 100vw, 1600px\" title=\"\"><\/a>\n                            <\/div>\n                            \n                            <div class=\"service-content-box\">\n                                <div class=\"service-content\">\n                                    <h3><a href=\"https:\/\/burcaktok.com\/en\/tedaviler\/birth\/\">Birth<\/a><\/h3>\n                                    <p>Birth is when the baby, which has been growing and developing in the womb for an average of 40 weeks, comes out of the mother&#039;s womb. Studies conducted<\/p>\n                                <\/div>\n\n                                \t\n\n                            <\/div>\n                        <\/div>\n                    <\/div>\n                                        <div class=\"col-xl-4 col-lg-4 col-md-6\">\n                        <div class=\"service-box-3 mb-30 text-center\">\n                            <div class=\"service-thumb\">\n                                <a href=\"https:\/\/burcaktok.com\/en\/tedaviler\/risky-pregnancy\/\"><img decoding=\"async\" width=\"900\" height=\"450\" src=\"https:\/\/burcaktok.com\/wp-content\/uploads\/2022\/01\/riskli-gebelik.jpg\" class=\"attachment-post-thumbnail size-post-thumbnail wp-post-image\" alt=\"high risk pregnancy\" srcset=\"https:\/\/burcaktok.com\/wp-content\/uploads\/2022\/01\/riskli-gebelik.jpg 900w, https:\/\/burcaktok.com\/wp-content\/uploads\/2022\/01\/riskli-gebelik-300x150.jpg 300w, https:\/\/burcaktok.com\/wp-content\/uploads\/2022\/01\/riskli-gebelik-768x384.jpg 768w\" sizes=\"(max-width: 900px) 100vw, 900px\" title=\"\"><\/a>\n                            <\/div>\n                            \n                            <div class=\"service-content-box\">\n                                <div class=\"service-content\">\n                                    <h3><a href=\"https:\/\/burcaktok.com\/en\/tedaviler\/risky-pregnancy\/\">Risky Pregnancy<\/a><\/h3>\n                                    <p>Pregnancy is a natural and beautiful process that can happen to any woman. Psychological and physical problems in women during pregnancy<\/p>\n                                <\/div>\n\n                                \t\n\n                            <\/div>\n                        <\/div>\n                    <\/div>\n                                        <div class=\"col-xl-4 col-lg-4 col-md-6\">\n                        <div class=\"service-box-3 mb-30 text-center\">\n                            <div class=\"service-thumb\">\n                                <a href=\"https:\/\/burcaktok.com\/en\/tedaviler\/infertility-infertility-treatment\/\"><img decoding=\"async\" width=\"900\" height=\"450\" src=\"https:\/\/burcaktok.com\/wp-content\/uploads\/2022\/01\/kisirlik.jpg\" class=\"attachment-post-thumbnail size-post-thumbnail wp-post-image\" alt=\"Infertility Infertility Treatment\" srcset=\"https:\/\/burcaktok.com\/wp-content\/uploads\/2022\/01\/kisirlik.jpg 900w, https:\/\/burcaktok.com\/wp-content\/uploads\/2022\/01\/kisirlik-300x150.jpg 300w, https:\/\/burcaktok.com\/wp-content\/uploads\/2022\/01\/kisirlik-768x384.jpg 768w\" sizes=\"(max-width: 900px) 100vw, 900px\" title=\"\"><\/a>\n                            <\/div>\n                            \n                            <div class=\"service-content-box\">\n                                <div class=\"service-content\">\n                                    <h3><a href=\"https:\/\/burcaktok.com\/en\/tedaviler\/infertility-infertility-treatment\/\">Infertility Infertility Treatment<\/a><\/h3>\n                                    <p>Having a child in the family if the couple has had regular and unprotected intercourse but has not had a child for 1 year<\/p>\n                                <\/div>\n\n                                \t\n\n                            <\/div>\n                        <\/div>\n                    <\/div>\n                                        <div class=\"col-xl-4 col-lg-4 col-md-6\">\n                        <div class=\"service-box-3 mb-30 text-center\">\n                            <div class=\"service-thumb\">\n                                <a href=\"https:\/\/burcaktok.com\/en\/tedaviler\/pregnancy-tracking\/\"><img loading=\"lazy\" decoding=\"async\" width=\"900\" height=\"450\" src=\"https:\/\/burcaktok.com\/wp-content\/uploads\/2022\/01\/gebelik-takibi-1.jpg\" class=\"attachment-post-thumbnail size-post-thumbnail wp-post-image\" alt=\"pregnancy tracking\" srcset=\"https:\/\/burcaktok.com\/wp-content\/uploads\/2022\/01\/gebelik-takibi-1.jpg 900w, https:\/\/burcaktok.com\/wp-content\/uploads\/2022\/01\/gebelik-takibi-1-300x150.jpg 300w, https:\/\/burcaktok.com\/wp-content\/uploads\/2022\/01\/gebelik-takibi-1-768x384.jpg 768w\" sizes=\"(max-width: 900px) 100vw, 900px\" title=\"\"><\/a>\n                            <\/div>\n                            \n                            <div class=\"service-content-box\">\n                                <div class=\"service-content\">\n                                    <h3><a href=\"https:\/\/burcaktok.com\/en\/tedaviler\/pregnancy-tracking\/\">Pregnancy Tracking<\/a><\/h3>\n                                    <p>After the diagnosis of pregnancy is made, the care of both the mother and the baby from the very beginning to the end of the pregnancy process.<\/p>\n                                <\/div>\n\n                                \t\n\n                            <\/div>\n                        <\/div>\n                    <\/div>\n                                        <div class=\"col-xl-4 col-lg-4 col-md-6\">\n                        <div class=\"service-box-3 mb-30 text-center\">\n                            <div class=\"service-thumb\">\n                                <a href=\"https:\/\/burcaktok.com\/en\/tedaviler\/normal-birth\/\"><img loading=\"lazy\" decoding=\"async\" width=\"900\" height=\"450\" src=\"https:\/\/burcaktok.com\/wp-content\/uploads\/2022\/01\/normal-dogum-2-.jpg\" class=\"attachment-post-thumbnail size-post-thumbnail wp-post-image\" alt=\"normal birth\" srcset=\"https:\/\/burcaktok.com\/wp-content\/uploads\/2022\/01\/normal-dogum-2-.jpg 900w, https:\/\/burcaktok.com\/wp-content\/uploads\/2022\/01\/normal-dogum-2--300x150.jpg 300w, https:\/\/burcaktok.com\/wp-content\/uploads\/2022\/01\/normal-dogum-2--768x384.jpg 768w\" sizes=\"(max-width: 900px) 100vw, 900px\" title=\"\"><\/a>\n                            <\/div>\n                            \n                            <div class=\"service-content-box\">\n                                <div class=\"service-content\">\n                                    <h3><a href=\"https:\/\/burcaktok.com\/en\/tedaviler\/normal-birth\/\">Normal Birth<\/a><\/h3>\n                                    <p>Normal birth occurs as a result of the opening of the cervix along with spontaneous contractions in the pregnant person between 37-42 weeks.<\/p>\n                                <\/div>\n\n                                \t\n\n                            <\/div>\n                        <\/div>\n                    <\/div>\n                                        <div class=\"col-xl-4 col-lg-4 col-md-6\">\n                        <div class=\"service-box-3 mb-30 text-center\">\n                            <div class=\"service-thumb\">\n                                <a href=\"https:\/\/burcaktok.com\/en\/tedaviler\/pre-pregnancy-counseling\/\"><img loading=\"lazy\" decoding=\"async\" width=\"620\" height=\"360\" src=\"https:\/\/burcaktok.com\/wp-content\/uploads\/2019\/05\/gebelik.jpg\" class=\"attachment-post-thumbnail size-post-thumbnail wp-post-image\" alt=\"pre-pregnancy counseling\" srcset=\"https:\/\/burcaktok.com\/wp-content\/uploads\/2019\/05\/gebelik.jpg 620w, https:\/\/burcaktok.com\/wp-content\/uploads\/2019\/05\/gebelik-300x174.jpg 300w\" sizes=\"(max-width: 620px) 100vw, 620px\" title=\"\"><\/a>\n                            <\/div>\n                            \n                            <div class=\"service-content-box\">\n                                <div class=\"service-content\">\n                                    <h3><a href=\"https:\/\/burcaktok.com\/en\/tedaviler\/pre-pregnancy-counseling\/\">Pre-Pregnancy Counseling<\/a><\/h3>\n                                    <p>When a couple or a single woman is planning a pregnancy before pregnancy, it is important to consult with the necessary doctors.<\/p>\n                                <\/div>\n\n                                \t\n\n                            <\/div>\n                        <\/div>\n                    <\/div>\n                                    <\/div>\n            <\/div>\n        <\/section>\n        <!-- services-area end -->\n\n        \t\n\n\t\t\t<\/div>\n\t\t\t\t<\/div>\n\t\t\t\t\t<\/div>\n\t\t<\/div>\n\t\t\t\t\t<\/div>\n\t\t<\/section>\n\t\t\t\t<\/div>","protected":false},"excerpt":{"rendered":"<p>Do\u011fum Do\u011fum, ortalama 40 hafta boyunca anne karn\u0131nda b\u00fcy\u00fcy\u00fcp geli\u015fen bebe\u011fin anne rahminden d\u0131\u015far\u0131 \u00e7\u0131kmas\u0131d\u0131r.<\/p>","protected":false},"author":1,"featured_media":0,"parent":0,"menu_order":0,"comment_status":"closed","ping_status":"closed","template":"elementor_header_footer","meta":{"_acf_changed":false,"_themeisle_gutenberg_block_has_review":false,"footnotes":""},"class_list":["post-2870","page","type-page","status-publish","hentry"],"acf":[],"_links":{"self":[{"href":"https:\/\/burcaktok.com\/en\/wp-json\/wp\/v2\/pages\/2870","targetHints":{"allow":["GET"]}}],"collection":[{"href":"https:\/\/burcaktok.com\/en\/wp-json\/wp\/v2\/pages"}],"about":[{"href":"https:\/\/burcaktok.com\/en\/wp-json\/wp\/v2\/types\/page"}],"author":[{"embeddable":true,"href":"https:\/\/burcaktok.com\/en\/wp-json\/wp\/v2\/users\/1"}],"replies":[{"embeddable":true,"href":"https:\/\/burcaktok.com\/en\/wp-json\/wp\/v2\/comments?post=2870"}],"version-history":[{"count":3,"href":"https:\/\/burcaktok.com\/en\/wp-json\/wp\/v2\/pages\/2870\/revisions"}],"predecessor-version":[{"id":7654,"href":"https:\/\/burcaktok.com\/en\/wp-json\/wp\/v2\/pages\/2870\/revisions\/7654"}],"wp:attachment":[{"href":"https:\/\/burcaktok.com\/en\/wp-json\/wp\/v2\/media?parent=2870"}],"curies":[{"name":"wp","href":"https:\/\/api.w.org\/{rel}","templated":true}]}}