{"id":2870,"date":"2022-01-06T18:06:57","date_gmt":"2022-01-06T15:06:57","guid":{"rendered":"https:\/\/burcaktok.com\/?page_id=2870"},"modified":"2025-07-03T17:03:54","modified_gmt":"2025-07-03T14:03:54","slug":"%d0%b1%d0%b5%d1%80%d0%b5%d0%bc%d0%b5%d0%bd%d0%bd%d0%be%d1%81%d1%82%d1%8c-%d0%b8-%d1%80%d0%be%d0%b4%d1%8b","status":"publish","type":"page","link":"https:\/\/burcaktok.com\/ru\/%d0%b1%d0%b5%d1%80%d0%b5%d0%bc%d0%b5%d0%bd%d0%bd%d0%be%d1%81%d1%82%d1%8c-%d0%b8-%d1%80%d0%be%d0%b4%d1%8b\/","title":{"rendered":"\u0411\u0435\u0440\u0435\u043c\u0435\u043d\u043d\u043e\u0441\u0442\u044c"},"content":{"rendered":"<div data-elementor-type=\"wp-post\" data-elementor-id=\"2870\" class=\"elementor elementor-2870\">\n\t\t\t\t\t\t<section class=\"elementor-section elementor-top-section elementor-element elementor-element-17264a9 elementor-section-full_width tumtedaviler banneralt elementor-section-height-default elementor-section-height-default\" data-id=\"17264a9\" data-element_type=\"section\" data-settings=\"{&quot;background_background&quot;:&quot;classic&quot;}\">\n\t\t\t\t\t\t<div class=\"elementor-container elementor-column-gap-default\">\n\t\t\t\t\t<div class=\"elementor-column elementor-col-100 elementor-top-column elementor-element elementor-element-36610c0\" data-id=\"36610c0\" data-element_type=\"column\">\n\t\t\t<div class=\"elementor-widget-wrap elementor-element-populated\">\n\t\t\t\t\t\t<div class=\"elementor-element elementor-element-421ce41 elementor-align-left elementor-widget elementor-widget-bdevs-service-post\" data-id=\"421ce41\" data-element_type=\"widget\" data-widget_type=\"bdevs-service-post.default\">\n\t\t\t\t<div class=\"elementor-widget-container\">\n\t\t\t\n\t\t        <!-- services-area start -->\n        <section class=\"servcies-area\">\n            <div class=\"container\">\n                <div class=\"row\">\n\t\t\t\t                        <div class=\"col-xl-4 col-lg-4 col-md-6\">\n                        <div class=\"service-box-3 mb-30 text-center\">\n                            <div class=\"service-thumb\">\n                                <a href=\"https:\/\/burcaktok.com\/ru\/tedaviler\/%d1%80%d0%be%d0%b6%d0%b4%d0%b5%d0%bd%d0%b8%d0%b5\/\"><img fetchpriority=\"high\" decoding=\"async\" width=\"1600\" height=\"1067\" src=\"https:\/\/burcaktok.com\/wp-content\/uploads\/2022\/03\/dogum.jpg\" class=\"attachment-post-thumbnail size-post-thumbnail wp-post-image\" alt=\"\u0440\u043e\u0436\u0434\u0435\u043d\u0438\u0435\" srcset=\"https:\/\/burcaktok.com\/wp-content\/uploads\/2022\/03\/dogum.jpg 1600w, https:\/\/burcaktok.com\/wp-content\/uploads\/2022\/03\/dogum-300x200.jpg 300w, https:\/\/burcaktok.com\/wp-content\/uploads\/2022\/03\/dogum-1024x683.jpg 1024w, https:\/\/burcaktok.com\/wp-content\/uploads\/2022\/03\/dogum-768x512.jpg 768w, https:\/\/burcaktok.com\/wp-content\/uploads\/2022\/03\/dogum-1536x1024.jpg 1536w\" sizes=\"(max-width: 1600px) 100vw, 1600px\" title=\"\"><\/a>\n                            <\/div>\n                            \n                            <div class=\"service-content-box\">\n                                <div class=\"service-content\">\n                                    <h3><a href=\"https:\/\/burcaktok.com\/ru\/tedaviler\/%d1%80%d0%be%d0%b6%d0%b4%d0%b5%d0%bd%d0%b8%d0%b5\/\">\u0420\u043e\u0436\u0434\u0435\u043d\u0438\u0435<\/a><\/h3>\n                                    <p>\u0420\u043e\u0436\u0434\u0435\u043d\u0438\u0435 \u2013 \u044d\u0442\u043e \u0432\u044b\u0445\u043e\u0434 \u0438\u0437 \u0443\u0442\u0440\u043e\u0431\u044b \u043c\u0430\u0442\u0435\u0440\u0438 \u0440\u0435\u0431\u0435\u043d\u043a\u0430, \u043a\u043e\u0442\u043e\u0440\u044b\u0439 \u0440\u043e\u0441 \u0438 \u0440\u0430\u0437\u0432\u0438\u0432\u0430\u043b\u0441\u044f \u0432 \u0443\u0442\u0440\u043e\u0431\u0435 \u043c\u0430\u0442\u0435\u0440\u0438 \u0432 \u0441\u0440\u0435\u0434\u043d\u0435\u043c 40 \u043d\u0435\u0434\u0435\u043b\u044c. \u0418\u0441\u0441\u043b\u0435\u0434\u043e\u0432\u0430\u043d\u0438\u044f \u043f\u0440\u043e\u0432\u0435\u0434\u0435\u043d\u044b<\/p>\n                                <\/div>\n\n                                \t\n\n                            <\/div>\n                        <\/div>\n                    <\/div>\n                                        <div class=\"col-xl-4 col-lg-4 col-md-6\">\n                        <div class=\"service-box-3 mb-30 text-center\">\n                            <div class=\"service-thumb\">\n                                <a href=\"https:\/\/burcaktok.com\/ru\/tedaviler\/%d1%80%d0%b8%d1%81%d0%ba%d0%be%d0%b2%d0%b0%d0%bd%d0%bd%d0%b0%d1%8f-%d0%b1%d0%b5%d1%80%d0%b5%d0%bc%d0%b5%d0%bd%d0%bd%d0%be%d1%81%d1%82%d1%8c\/\"><img decoding=\"async\" width=\"900\" height=\"450\" src=\"https:\/\/burcaktok.com\/wp-content\/uploads\/2022\/01\/riskli-gebelik.jpg\" class=\"attachment-post-thumbnail size-post-thumbnail wp-post-image\" alt=\"\u0431\u0435\u0440\u0435\u043c\u0435\u043d\u043d\u043e\u0441\u0442\u044c \u0432\u044b\u0441\u043e\u043a\u043e\u0433\u043e \u0440\u0438\u0441\u043a\u0430\" srcset=\"https:\/\/burcaktok.com\/wp-content\/uploads\/2022\/01\/riskli-gebelik.jpg 900w, https:\/\/burcaktok.com\/wp-content\/uploads\/2022\/01\/riskli-gebelik-300x150.jpg 300w, https:\/\/burcaktok.com\/wp-content\/uploads\/2022\/01\/riskli-gebelik-768x384.jpg 768w\" sizes=\"(max-width: 900px) 100vw, 900px\" title=\"\"><\/a>\n                            <\/div>\n                            \n                            <div class=\"service-content-box\">\n                                <div class=\"service-content\">\n                                    <h3><a href=\"https:\/\/burcaktok.com\/ru\/tedaviler\/%d1%80%d0%b8%d1%81%d0%ba%d0%be%d0%b2%d0%b0%d0%bd%d0%bd%d0%b0%d1%8f-%d0%b1%d0%b5%d1%80%d0%b5%d0%bc%d0%b5%d0%bd%d0%bd%d0%be%d1%81%d1%82%d1%8c\/\">\u0420\u0438\u0441\u043a\u043e\u0432\u0430\u043d\u043d\u0430\u044f \u0431\u0435\u0440\u0435\u043c\u0435\u043d\u043d\u043e\u0441\u0442\u044c<\/a><\/h3>\n                                    <p>\u0411\u0435\u0440\u0435\u043c\u0435\u043d\u043d\u043e\u0441\u0442\u044c \u2013 \u0435\u0441\u0442\u0435\u0441\u0442\u0432\u0435\u043d\u043d\u044b\u0439 \u0438 \u043a\u0440\u0430\u0441\u0438\u0432\u044b\u0439 \u043f\u0440\u043e\u0446\u0435\u0441\u0441, \u043a\u043e\u0442\u043e\u0440\u044b\u0439 \u043c\u043e\u0436\u0435\u0442 \u0441\u043b\u0443\u0447\u0438\u0442\u044c\u0441\u044f \u0441 \u043b\u044e\u0431\u043e\u0439 \u0436\u0435\u043d\u0449\u0438\u043d\u043e\u0439. \u041f\u0441\u0438\u0445\u043e\u043b\u043e\u0433\u0438\u0447\u0435\u0441\u043a\u0438\u0435 \u0438 \u0444\u0438\u0437\u0438\u0447\u0435\u0441\u043a\u0438\u0435 \u043f\u0440\u043e\u0431\u043b\u0435\u043c\u044b \u0443 \u0436\u0435\u043d\u0449\u0438\u043d \u0432\u043e \u0432\u0440\u0435\u043c\u044f \u0431\u0435\u0440\u0435\u043c\u0435\u043d\u043d\u043e\u0441\u0442\u0438<\/p>\n                                <\/div>\n\n                                \t\n\n                            <\/div>\n                        <\/div>\n                    <\/div>\n                                        <div class=\"col-xl-4 col-lg-4 col-md-6\">\n                        <div class=\"service-box-3 mb-30 text-center\">\n                            <div class=\"service-thumb\">\n                                <a href=\"https:\/\/burcaktok.com\/ru\/tedaviler\/%d0%b1%d0%b5%d1%81%d0%bf%d0%bb%d0%be%d0%b4%d0%b8%d0%b5-%d0%bb%d0%b5%d1%87%d0%b5%d0%bd%d0%b8%d0%b5-%d0%b1%d0%b5%d1%81%d0%bf%d0%bb%d0%be%d0%b4%d0%b8%d1%8f\/\"><img decoding=\"async\" width=\"900\" height=\"450\" src=\"https:\/\/burcaktok.com\/wp-content\/uploads\/2022\/01\/kisirlik.jpg\" class=\"attachment-post-thumbnail size-post-thumbnail wp-post-image\" alt=\"\u041b\u0435\u0447\u0435\u043d\u0438\u0435 \u0431\u0435\u0441\u043f\u043b\u043e\u0434\u0438\u044f\" srcset=\"https:\/\/burcaktok.com\/wp-content\/uploads\/2022\/01\/kisirlik.jpg 900w, https:\/\/burcaktok.com\/wp-content\/uploads\/2022\/01\/kisirlik-300x150.jpg 300w, https:\/\/burcaktok.com\/wp-content\/uploads\/2022\/01\/kisirlik-768x384.jpg 768w\" sizes=\"(max-width: 900px) 100vw, 900px\" title=\"\"><\/a>\n                            <\/div>\n                            \n                            <div class=\"service-content-box\">\n                                <div class=\"service-content\">\n                                    <h3><a href=\"https:\/\/burcaktok.com\/ru\/tedaviler\/%d0%b1%d0%b5%d1%81%d0%bf%d0%bb%d0%be%d0%b4%d0%b8%d0%b5-%d0%bb%d0%b5%d1%87%d0%b5%d0%bd%d0%b8%d0%b5-%d0%b1%d0%b5%d1%81%d0%bf%d0%bb%d0%be%d0%b4%d0%b8%d1%8f\/\">\u041b\u0435\u0447\u0435\u043d\u0438\u0435 \u0431\u0435\u0441\u043f\u043b\u043e\u0434\u0438\u044f<\/a><\/h3>\n                                    <p>\u041d\u0430\u043b\u0438\u0447\u0438\u0435 \u0440\u0435\u0431\u0435\u043d\u043a\u0430 \u0432 \u0441\u0435\u043c\u044c\u0435, \u0435\u0441\u043b\u0438 \u043f\u0430\u0440\u0430 \u0438\u043c\u0435\u043b\u0430 \u0440\u0435\u0433\u0443\u043b\u044f\u0440\u043d\u044b\u0435 \u0438 \u043d\u0435\u0437\u0430\u0449\u0438\u0449\u0435\u043d\u043d\u044b\u0435 \u043f\u043e\u043b\u043e\u0432\u044b\u0435 \u043a\u043e\u043d\u0442\u0430\u043a\u0442\u044b, \u043d\u043e \u0440\u0435\u0431\u0435\u043d\u043a\u0430 \u043d\u0435 \u0431\u044b\u043b\u043e \u0432 \u0442\u0435\u0447\u0435\u043d\u0438\u0435 1 \u0433\u043e\u0434\u0430.<\/p>\n                                <\/div>\n\n                                \t\n\n                            <\/div>\n                        <\/div>\n                    <\/div>\n                                        <div class=\"col-xl-4 col-lg-4 col-md-6\">\n                        <div class=\"service-box-3 mb-30 text-center\">\n                            <div class=\"service-thumb\">\n                                <a href=\"https:\/\/burcaktok.com\/ru\/tedaviler\/%d0%be%d1%82%d1%81%d0%bb%d0%b5%d0%b6%d0%b8%d0%b2%d0%b0%d0%bd%d0%b8%d0%b5-%d0%b1%d0%b5%d1%80%d0%b5%d0%bc%d0%b5%d0%bd%d0%bd%d0%be%d1%81%d1%82%d0%b8\/\"><img loading=\"lazy\" decoding=\"async\" width=\"900\" height=\"450\" src=\"https:\/\/burcaktok.com\/wp-content\/uploads\/2022\/01\/gebelik-takibi-1.jpg\" class=\"attachment-post-thumbnail size-post-thumbnail wp-post-image\" alt=\"\u043e\u0442\u0441\u043b\u0435\u0436\u0438\u0432\u0430\u043d\u0438\u0435 \u0431\u0435\u0440\u0435\u043c\u0435\u043d\u043d\u043e\u0441\u0442\u0438\" srcset=\"https:\/\/burcaktok.com\/wp-content\/uploads\/2022\/01\/gebelik-takibi-1.jpg 900w, https:\/\/burcaktok.com\/wp-content\/uploads\/2022\/01\/gebelik-takibi-1-300x150.jpg 300w, https:\/\/burcaktok.com\/wp-content\/uploads\/2022\/01\/gebelik-takibi-1-768x384.jpg 768w\" sizes=\"(max-width: 900px) 100vw, 900px\" title=\"\"><\/a>\n                            <\/div>\n                            \n                            <div class=\"service-content-box\">\n                                <div class=\"service-content\">\n                                    <h3><a href=\"https:\/\/burcaktok.com\/ru\/tedaviler\/%d0%be%d1%82%d1%81%d0%bb%d0%b5%d0%b6%d0%b8%d0%b2%d0%b0%d0%bd%d0%b8%d0%b5-%d0%b1%d0%b5%d1%80%d0%b5%d0%bc%d0%b5%d0%bd%d0%bd%d0%be%d1%81%d1%82%d0%b8\/\">\u041e\u0442\u0441\u043b\u0435\u0436\u0438\u0432\u0430\u043d\u0438\u0435 \u0431\u0435\u0440\u0435\u043c\u0435\u043d\u043d\u043e\u0441\u0442\u0438<\/a><\/h3>\n                                    <p>\u041f\u043e\u0441\u043b\u0435 \u0443\u0441\u0442\u0430\u043d\u043e\u0432\u043b\u0435\u043d\u0438\u044f \u0434\u0438\u0430\u0433\u043d\u043e\u0437\u0430 \u0431\u0435\u0440\u0435\u043c\u0435\u043d\u043d\u043e\u0441\u0442\u0438 \u043e\u0441\u0443\u0449\u0435\u0441\u0442\u0432\u043b\u044f\u0435\u0442\u0441\u044f \u0443\u0445\u043e\u0434 \u0437\u0430 \u043c\u0430\u0442\u0435\u0440\u044c\u044e \u0438 \u0440\u0435\u0431\u0435\u043d\u043a\u043e\u043c \u0441 \u0441\u0430\u043c\u043e\u0433\u043e \u043d\u0430\u0447\u0430\u043b\u0430 \u0438 \u0434\u043e \u043a\u043e\u043d\u0446\u0430 \u043f\u0440\u043e\u0446\u0435\u0441\u0441\u0430 \u0431\u0435\u0440\u0435\u043c\u0435\u043d\u043d\u043e\u0441\u0442\u0438.<\/p>\n                                <\/div>\n\n                                \t\n\n                            <\/div>\n                        <\/div>\n                    <\/div>\n                                        <div class=\"col-xl-4 col-lg-4 col-md-6\">\n                        <div class=\"service-box-3 mb-30 text-center\">\n                            <div class=\"service-thumb\">\n                                <a href=\"https:\/\/burcaktok.com\/ru\/tedaviler\/%d0%bd%d0%be%d1%80%d0%bc%d0%b0%d0%bb%d1%8c%d0%bd%d0%be%d0%b5-%d1%80%d0%be%d0%b6%d0%b4%d0%b5%d0%bd%d0%b8%d0%b5\/\"><img loading=\"lazy\" decoding=\"async\" width=\"900\" height=\"450\" src=\"https:\/\/burcaktok.com\/wp-content\/uploads\/2022\/01\/normal-dogum-2-.jpg\" class=\"attachment-post-thumbnail size-post-thumbnail wp-post-image\" alt=\"\u043d\u043e\u0440\u043c\u0430\u043b\u044c\u043d\u043e\u0435 \u0440\u043e\u0436\u0434\u0435\u043d\u0438\u0435\" srcset=\"https:\/\/burcaktok.com\/wp-content\/uploads\/2022\/01\/normal-dogum-2-.jpg 900w, https:\/\/burcaktok.com\/wp-content\/uploads\/2022\/01\/normal-dogum-2--300x150.jpg 300w, https:\/\/burcaktok.com\/wp-content\/uploads\/2022\/01\/normal-dogum-2--768x384.jpg 768w\" sizes=\"(max-width: 900px) 100vw, 900px\" title=\"\"><\/a>\n                            <\/div>\n                            \n                            <div class=\"service-content-box\">\n                                <div class=\"service-content\">\n                                    <h3><a href=\"https:\/\/burcaktok.com\/ru\/tedaviler\/%d0%bd%d0%be%d1%80%d0%bc%d0%b0%d0%bb%d1%8c%d0%bd%d0%be%d0%b5-%d1%80%d0%be%d0%b6%d0%b4%d0%b5%d0%bd%d0%b8%d0%b5\/\">\u041d\u043e\u0440\u043c\u0430\u043b\u044c\u043d\u043e\u0435 \u0440\u043e\u0436\u0434\u0435\u043d\u0438\u0435<\/a><\/h3>\n                                    <p>\u041d\u043e\u0440\u043c\u0430\u043b\u044c\u043d\u044b\u0435 \u0440\u043e\u0434\u044b \u043f\u0440\u043e\u0438\u0441\u0445\u043e\u0434\u044f\u0442 \u0432 \u0440\u0435\u0437\u0443\u043b\u044c\u0442\u0430\u0442\u0435 \u0440\u0430\u0441\u043a\u0440\u044b\u0442\u0438\u044f \u0448\u0435\u0439\u043a\u0438 \u043c\u0430\u0442\u043a\u0438 \u0438 \u0441\u043f\u043e\u043d\u0442\u0430\u043d\u043d\u044b\u0445 \u0441\u0445\u0432\u0430\u0442\u043e\u043a \u0443 \u0431\u0435\u0440\u0435\u043c\u0435\u043d\u043d\u043e\u0439 \u043d\u0430 \u0441\u0440\u043e\u043a\u0435 37-42 \u043d\u0435\u0434\u0435\u043b\u0438.<\/p>\n                                <\/div>\n\n                                \t\n\n                            <\/div>\n                        <\/div>\n                    <\/div>\n                                        <div class=\"col-xl-4 col-lg-4 col-md-6\">\n                        <div class=\"service-box-3 mb-30 text-center\">\n                            <div class=\"service-thumb\">\n                                <a href=\"https:\/\/burcaktok.com\/ru\/tedaviler\/%d0%ba%d0%be%d0%bd%d1%81%d1%83%d0%bb%d1%8c%d1%82%d0%b0%d1%86%d0%b8%d0%b8-%d0%bf%d0%b5%d1%80%d0%b5%d0%b4-%d0%b1%d0%b5%d1%80%d0%b5%d0%bc%d0%b5%d0%bd%d0%bd%d0%be%d1%81%d1%82%d1%8c%d1%8e\/\"><img loading=\"lazy\" decoding=\"async\" width=\"620\" height=\"360\" src=\"https:\/\/burcaktok.com\/wp-content\/uploads\/2019\/05\/gebelik.jpg\" class=\"attachment-post-thumbnail size-post-thumbnail wp-post-image\" alt=\"\u043a\u043e\u043d\u0441\u0443\u043b\u044c\u0442\u0438\u0440\u043e\u0432\u0430\u043d\u0438\u0435 \u043f\u0435\u0440\u0435\u0434 \u0431\u0435\u0440\u0435\u043c\u0435\u043d\u043d\u043e\u0441\u0442\u044c\u044e\" srcset=\"https:\/\/burcaktok.com\/wp-content\/uploads\/2019\/05\/gebelik.jpg 620w, https:\/\/burcaktok.com\/wp-content\/uploads\/2019\/05\/gebelik-300x174.jpg 300w\" sizes=\"(max-width: 620px) 100vw, 620px\" title=\"\"><\/a>\n                            <\/div>\n                            \n                            <div class=\"service-content-box\">\n                                <div class=\"service-content\">\n                                    <h3><a href=\"https:\/\/burcaktok.com\/ru\/tedaviler\/%d0%ba%d0%be%d0%bd%d1%81%d1%83%d0%bb%d1%8c%d1%82%d0%b0%d1%86%d0%b8%d0%b8-%d0%bf%d0%b5%d1%80%d0%b5%d0%b4-%d0%b1%d0%b5%d1%80%d0%b5%d0%bc%d0%b5%d0%bd%d0%bd%d0%be%d1%81%d1%82%d1%8c%d1%8e\/\">\u041a\u043e\u043d\u0441\u0443\u043b\u044c\u0442\u0438\u0440\u043e\u0432\u0430\u043d\u0438\u0435 \u043f\u0435\u0440\u0435\u0434 \u0431\u0435\u0440\u0435\u043c\u0435\u043d\u043d\u043e\u0441\u0442\u044c\u044e<\/a><\/h3>\n                                    <p>\u041a\u043e\u0433\u0434\u0430 \u043f\u0430\u0440\u0430 \u0438\u043b\u0438 \u043e\u0434\u0438\u043d\u043e\u043a\u0430\u044f \u0436\u0435\u043d\u0449\u0438\u043d\u0430 \u043f\u043b\u0430\u043d\u0438\u0440\u0443\u0435\u0442 \u0431\u0435\u0440\u0435\u043c\u0435\u043d\u043d\u043e\u0441\u0442\u044c, \u043f\u0435\u0440\u0435\u0434 \u043d\u0430\u0441\u0442\u0443\u043f\u043b\u0435\u043d\u0438\u0435\u043c \u0431\u0435\u0440\u0435\u043c\u0435\u043d\u043d\u043e\u0441\u0442\u0438 \u0432\u0430\u0436\u043d\u043e \u043f\u0440\u043e\u043a\u043e\u043d\u0441\u0443\u043b\u044c\u0442\u0438\u0440\u043e\u0432\u0430\u0442\u044c\u0441\u044f \u0441 \u043d\u0435\u043e\u0431\u0445\u043e\u0434\u0438\u043c\u044b\u043c\u0438 \u0432\u0440\u0430\u0447\u0430\u043c\u0438.<\/p>\n                                <\/div>\n\n                                \t\n\n                            <\/div>\n                        <\/div>\n                    <\/div>\n                                    <\/div>\n            <\/div>\n        <\/section>\n        <!-- services-area end -->\n\n        \t\n\n\t\t\t<\/div>\n\t\t\t\t<\/div>\n\t\t\t\t\t<\/div>\n\t\t<\/div>\n\t\t\t\t\t<\/div>\n\t\t<\/section>\n\t\t\t\t<\/div>","protected":false},"excerpt":{"rendered":"<p>Do\u011fum Do\u011fum, ortalama 40 hafta boyunca anne karn\u0131nda b\u00fcy\u00fcy\u00fcp geli\u015fen bebe\u011fin anne rahminden d\u0131\u015far\u0131 \u00e7\u0131kmas\u0131d\u0131r.<\/p>","protected":false},"author":1,"featured_media":0,"parent":0,"menu_order":0,"comment_status":"closed","ping_status":"closed","template":"elementor_header_footer","meta":{"_acf_changed":false,"_themeisle_gutenberg_block_has_review":false,"footnotes":""},"class_list":["post-2870","page","type-page","status-publish","hentry"],"acf":[],"_links":{"self":[{"href":"https:\/\/burcaktok.com\/ru\/wp-json\/wp\/v2\/pages\/2870","targetHints":{"allow":["GET"]}}],"collection":[{"href":"https:\/\/burcaktok.com\/ru\/wp-json\/wp\/v2\/pages"}],"about":[{"href":"https:\/\/burcaktok.com\/ru\/wp-json\/wp\/v2\/types\/page"}],"author":[{"embeddable":true,"href":"https:\/\/burcaktok.com\/ru\/wp-json\/wp\/v2\/users\/1"}],"replies":[{"embeddable":true,"href":"https:\/\/burcaktok.com\/ru\/wp-json\/wp\/v2\/comments?post=2870"}],"version-history":[{"count":3,"href":"https:\/\/burcaktok.com\/ru\/wp-json\/wp\/v2\/pages\/2870\/revisions"}],"predecessor-version":[{"id":7654,"href":"https:\/\/burcaktok.com\/ru\/wp-json\/wp\/v2\/pages\/2870\/revisions\/7654"}],"wp:attachment":[{"href":"https:\/\/burcaktok.com\/ru\/wp-json\/wp\/v2\/media?parent=2870"}],"curies":[{"name":"WP","href":"https:\/\/api.w.org\/{rel}","templated":true}]}}