{"id":2880,"date":"2022-01-06T18:12:45","date_gmt":"2022-01-06T15:12:45","guid":{"rendered":"https:\/\/burcaktok.com\/?page_id=2880"},"modified":"2025-07-03T17:04:28","modified_gmt":"2025-07-03T14:04:28","slug":"%d0%b3%d0%b5%d0%bd%d0%b8%d1%82%d0%b0%d0%bb%d1%8c%d0%bd%d0%be-%d1%8d%d1%81%d1%82%d0%b5%d1%82%d0%b8%d1%87%d0%b5%d1%81%d0%ba%d0%b8%d0%b9","status":"publish","type":"page","link":"https:\/\/burcaktok.com\/ru\/%d0%b3%d0%b5%d0%bd%d0%b8%d1%82%d0%b0%d0%bb%d1%8c%d0%bd%d0%be-%d1%8d%d1%81%d1%82%d0%b5%d1%82%d0%b8%d1%87%d0%b5%d1%81%d0%ba%d0%b8%d0%b9\/","title":{"rendered":"\u0413\u0435\u043d\u0438\u0442\u0430\u043b\u044c\u043d\u0430\u044f E."},"content":{"rendered":"<div data-elementor-type=\"wp-post\" data-elementor-id=\"2880\" class=\"elementor elementor-2880\">\n\t\t\t\t\t\t<section class=\"elementor-section elementor-top-section elementor-element elementor-element-17264a9 elementor-section-full_width tumtedaviler banneralt elementor-section-height-default elementor-section-height-default\" data-id=\"17264a9\" data-element_type=\"section\" data-settings=\"{&quot;background_background&quot;:&quot;classic&quot;}\">\n\t\t\t\t\t\t<div class=\"elementor-container elementor-column-gap-default\">\n\t\t\t\t\t<div class=\"elementor-column elementor-col-100 elementor-top-column elementor-element elementor-element-36610c0\" data-id=\"36610c0\" data-element_type=\"column\">\n\t\t\t<div class=\"elementor-widget-wrap elementor-element-populated\">\n\t\t\t\t\t\t<div class=\"elementor-element elementor-element-421ce41 elementor-align-left elementor-widget elementor-widget-bdevs-service-post\" data-id=\"421ce41\" data-element_type=\"widget\" data-widget_type=\"bdevs-service-post.default\">\n\t\t\t\t<div class=\"elementor-widget-container\">\n\t\t\t\n\t\t        <!-- services-area start -->\n        <section class=\"servcies-area\">\n            <div class=\"container\">\n                <div class=\"row\">\n\t\t\t\t                        <div class=\"col-xl-4 col-lg-4 col-md-6\">\n                        <div class=\"service-box-3 mb-30 text-center\">\n                            <div class=\"service-thumb\">\n                                <a href=\"https:\/\/burcaktok.com\/ru\/tedaviler\/%d0%bf%d1%80%d0%b8%d0%bb%d0%be%d0%b6%d0%b5%d0%bd%d0%b8%d0%b5-%d0%b4%d0%bb%d1%8f-%d0%be%d1%80%d0%b3%d0%b0%d0%b7%d0%bc%d0%b8%d1%87%d0%b5%d1%81%d0%ba%d0%be%d0%b3%d0%be-%d0%b2%d1%8b%d1%81%d1%82%d1%80\/\"><img fetchpriority=\"high\" decoding=\"async\" width=\"921\" height=\"457\" src=\"https:\/\/burcaktok.com\/wp-content\/uploads\/2022\/01\/orgazmik-shot-uygulamasi.png\" class=\"attachment-post-thumbnail size-post-thumbnail wp-post-image\" alt=\"\u041f\u0440\u0438\u043c\u0435\u043d\u0435\u043d\u0438\u0435 \u043e\u0440\u0433\u0430\u0437\u043c\u0438\u0447\u0435\u0441\u043a\u043e\u0433\u043e \u0432\u044b\u0441\u0442\u0440\u0435\u043b\u0430\" srcset=\"https:\/\/burcaktok.com\/wp-content\/uploads\/2022\/01\/orgazmik-shot-uygulamasi.png 921w, https:\/\/burcaktok.com\/wp-content\/uploads\/2022\/01\/orgazmik-shot-uygulamasi-300x149.png 300w, https:\/\/burcaktok.com\/wp-content\/uploads\/2022\/01\/orgazmik-shot-uygulamasi-768x381.png 768w\" sizes=\"(max-width: 921px) 100vw, 921px\" title=\"\"><\/a>\n                            <\/div>\n                            \n                            <div class=\"service-content-box\">\n                                <div class=\"service-content\">\n                                    <h3><a href=\"https:\/\/burcaktok.com\/ru\/tedaviler\/%d0%bf%d1%80%d0%b8%d0%bb%d0%be%d0%b6%d0%b5%d0%bd%d0%b8%d0%b5-%d0%b4%d0%bb%d1%8f-%d0%be%d1%80%d0%b3%d0%b0%d0%b7%d0%bc%d0%b8%d1%87%d0%b5%d1%81%d0%ba%d0%be%d0%b3%d0%be-%d0%b2%d1%8b%d1%81%d1%82%d1%80\/\">\u041f\u0440\u0438\u043c\u0435\u043d\u0435\u043d\u0438\u0435 \u043e\u0440\u0433\u0430\u0437\u043c\u0438\u0447\u0435\u0441\u043a\u043e\u0433\u043e \u0432\u044b\u0441\u0442\u0440\u0435\u043b\u0430<\/a><\/h3>\n                                    <p>\u041d\u0430\u043d\u0435\u0441\u0435\u043d\u0438\u0435 \u043e\u0440\u0433\u0430\u0437\u043c\u0438\u0447\u0435\u0441\u043a\u043e\u0433\u043e \u0443\u043a\u043e\u043b\u0430 (o-shot) \u043d\u0430 \u0447\u0443\u0432\u0441\u0442\u0432\u0438\u0442\u0435\u043b\u044c\u043d\u044b\u0435 \u0442\u043e\u0447\u043a\u0438 \u0441\u0435\u043a\u0441\u0443\u0430\u043b\u044c\u043d\u043e\u0433\u043e \u0443\u0434\u043e\u0432\u043e\u043b\u044c\u0441\u0442\u0432\u0438\u044f \u0432 \u043a\u043b\u0438\u0442\u043e\u0440\u0435 \u0438 \u0432\u043b\u0430\u0433\u0430\u043b\u0438\u0449\u0435.<\/p>\n                                <\/div>\n\n                                \t\n\n                            <\/div>\n                        <\/div>\n                    <\/div>\n                                        <div class=\"col-xl-4 col-lg-4 col-md-6\">\n                        <div class=\"service-box-3 mb-30 text-center\">\n                            <div class=\"service-thumb\">\n                                <a href=\"https:\/\/burcaktok.com\/ru\/tedaviler\/%d0%bb%d0%b0%d0%b7%d0%b5%d1%80%d0%bd%d0%b0%d1%8f-%d0%b3%d0%b5%d0%bd%d0%b8%d1%82%d0%b0%d0%bb%d1%8c%d0%bd%d0%b0%d1%8f-%d1%8d%d1%81%d1%82%d0%b5%d1%82%d0%b8%d0%ba%d0%b0\/\"><img decoding=\"async\" width=\"900\" height=\"450\" src=\"https:\/\/burcaktok.com\/wp-content\/uploads\/2022\/01\/genital-lazer-.jpg\" class=\"attachment-post-thumbnail size-post-thumbnail wp-post-image\" alt=\"\u041b\u0430\u0437\u0435\u0440\u043d\u0430\u044f \u044d\u0441\u0442\u0435\u0442\u0438\u043a\u0430 \u0433\u0435\u043d\u0438\u0442\u0430\u043b\u0438\u0439\" srcset=\"https:\/\/burcaktok.com\/wp-content\/uploads\/2022\/01\/genital-lazer-.jpg 900w, https:\/\/burcaktok.com\/wp-content\/uploads\/2022\/01\/genital-lazer--300x150.jpg 300w, https:\/\/burcaktok.com\/wp-content\/uploads\/2022\/01\/genital-lazer--768x384.jpg 768w\" sizes=\"(max-width: 900px) 100vw, 900px\" title=\"\"><\/a>\n                            <\/div>\n                            \n                            <div class=\"service-content-box\">\n                                <div class=\"service-content\">\n                                    <h3><a href=\"https:\/\/burcaktok.com\/ru\/tedaviler\/%d0%bb%d0%b0%d0%b7%d0%b5%d1%80%d0%bd%d0%b0%d1%8f-%d0%b3%d0%b5%d0%bd%d0%b8%d1%82%d0%b0%d0%bb%d1%8c%d0%bd%d0%b0%d1%8f-%d1%8d%d1%81%d1%82%d0%b5%d1%82%d0%b8%d0%ba%d0%b0\/\">\u041b\u0430\u0437\u0435\u0440\u043d\u0430\u044f \u044d\u0441\u0442\u0435\u0442\u0438\u043a\u0430 \u0433\u0435\u043d\u0438\u0442\u0430\u043b\u0438\u0439<\/a><\/h3>\n                                    <p>\u042d\u0441\u0442\u0435\u0442\u0438\u0447\u0435\u0441\u043a\u043e\u0435 \u043b\u0435\u0447\u0435\u043d\u0438\u0435 \u043f\u043e\u043b\u043e\u0432\u044b\u0445 \u043e\u0440\u0433\u0430\u043d\u043e\u0432 \u043f\u0440\u0435\u0434\u043f\u043e\u0447\u0442\u0438\u0442\u0435\u043b\u044c\u043d\u043e \u0432 \u0442\u0435\u0445 \u0441\u043b\u0443\u0447\u0430\u044f\u0445, \u043a\u043e\u0433\u0434\u0430 \u0447\u0435\u043b\u043e\u0432\u0435\u043a\u0430 \u0431\u0435\u0441\u043f\u043e\u043a\u043e\u0438\u0442 \u0432\u043d\u0435\u0448\u043d\u0438\u0439 \u0432\u0438\u0434 \u0432\u043b\u0430\u0433\u0430\u043b\u0438\u0449\u0430 \u0438\u043b\u0438 \u0435\u0433\u043e \u0444\u0443\u043d\u043a\u0446\u0438\u043e\u043d\u0430\u043b\u044c\u043d\u043e\u0441\u0442\u044c. \u0420\u0430\u0437\u0432\u0438\u0442\u0438\u0435 \u0442\u0435\u0445\u043d\u043e\u043b\u043e\u0433\u0438\u0439<\/p>\n                                <\/div>\n\n                                \t\n\n                            <\/div>\n                        <\/div>\n                    <\/div>\n                                        <div class=\"col-xl-4 col-lg-4 col-md-6\">\n                        <div class=\"service-box-3 mb-30 text-center\">\n                            <div class=\"service-thumb\">\n                                <a href=\"https:\/\/burcaktok.com\/ru\/tedaviler\/%d0%b3%d0%b5%d0%bd%d0%b8%d1%82%d0%b0%d0%bb%d1%8c%d0%bd%d1%8b%d0%b5-%d1%81%d0%bb%d0%be%d0%bd%d1%8b\/\"><img decoding=\"async\" width=\"900\" height=\"450\" src=\"https:\/\/burcaktok.com\/wp-content\/uploads\/2022\/01\/genital-dolgu-1-1.jpg\" class=\"attachment-post-thumbnail size-post-thumbnail wp-post-image\" alt=\"\u0417\u0430\u043f\u043e\u043b\u043d\u0435\u043d\u0438\u0435 \u0433\u0435\u043d\u0438\u0442\u0430\u043b\u0438\u0439\" srcset=\"https:\/\/burcaktok.com\/wp-content\/uploads\/2022\/01\/genital-dolgu-1-1.jpg 900w, https:\/\/burcaktok.com\/wp-content\/uploads\/2022\/01\/genital-dolgu-1-1-300x150.jpg 300w, https:\/\/burcaktok.com\/wp-content\/uploads\/2022\/01\/genital-dolgu-1-1-768x384.jpg 768w\" sizes=\"(max-width: 900px) 100vw, 900px\" title=\"\"><\/a>\n                            <\/div>\n                            \n                            <div class=\"service-content-box\">\n                                <div class=\"service-content\">\n                                    <h3><a href=\"https:\/\/burcaktok.com\/ru\/tedaviler\/%d0%b3%d0%b5%d0%bd%d0%b8%d1%82%d0%b0%d0%bb%d1%8c%d0%bd%d1%8b%d0%b5-%d1%81%d0%bb%d0%be%d0%bd%d1%8b\/\">\u0417\u0430\u043f\u043e\u043b\u043d\u0435\u043d\u0438\u0435 \u0433\u0435\u043d\u0438\u0442\u0430\u043b\u0438\u0439<\/a><\/h3>\n                                    <p>\u041f\u043e\u0434\u043e\u0431\u043d\u043e \u0442\u043e\u043c\u0443, \u043a\u0430\u043a \u0441 \u0432\u043e\u0437\u0440\u0430\u0441\u0442\u043e\u043c \u043f\u043e\u044f\u0432\u043b\u044f\u044e\u0442\u0441\u044f \u043c\u043e\u0440\u0449\u0438\u043d\u044b, \u043f\u0440\u043e\u0432\u0438\u0441\u0430\u043d\u0438\u0435 \u0438 \u0438\u0441\u0442\u043e\u043d\u0447\u0435\u043d\u0438\u0435 \u043a\u043e\u0436\u0438, \u044d\u0442\u0438 \u0441\u043e\u0441\u0442\u043e\u044f\u043d\u0438\u044f \u043d\u0430\u0431\u043b\u044e\u0434\u0430\u044e\u0442\u0441\u044f \u0438 \u0432 \u043e\u0431\u043b\u0430\u0441\u0442\u0438 \u043f\u043e\u043b\u043e\u0432\u044b\u0445 \u043e\u0440\u0433\u0430\u043d\u043e\u0432. \u0433\u0435\u043d\u0438\u0442\u0430\u043b\u0438\u0438<\/p>\n                                <\/div>\n\n                                \t\n\n                            <\/div>\n                        <\/div>\n                    <\/div>\n                                        <div class=\"col-xl-4 col-lg-4 col-md-6\">\n                        <div class=\"service-box-3 mb-30 text-center\">\n                            <div class=\"service-thumb\">\n                                <a href=\"https:\/\/burcaktok.com\/ru\/tedaviler\/%d0%b2%d0%b0%d0%b3%d0%b8%d0%bd%d0%b0%d0%bb%d1%8c%d0%bd%d0%be%d0%b5-%d1%83%d1%81%d0%b8%d0%bb%d0%b5%d0%bd%d0%b8%d0%b5-%d0%b3%d0%b5%d0%bd%d0%b8%d1%82%d0%b0%d0%bb%d1%8c%d0%bd%d0%be%d0%b9-%d1%82%d1%80\/\"><img loading=\"lazy\" decoding=\"async\" width=\"900\" height=\"450\" src=\"https:\/\/burcaktok.com\/wp-content\/uploads\/2022\/08\/genital-1.jpg\" class=\"attachment-post-thumbnail size-post-thumbnail wp-post-image\" alt=\"\" srcset=\"https:\/\/burcaktok.com\/wp-content\/uploads\/2022\/08\/genital-1.jpg 900w, https:\/\/burcaktok.com\/wp-content\/uploads\/2022\/08\/genital-1-300x150.jpg 300w, https:\/\/burcaktok.com\/wp-content\/uploads\/2022\/08\/genital-1-768x384.jpg 768w\" sizes=\"(max-width: 900px) 100vw, 900px\" title=\"\"><\/a>\n                            <\/div>\n                            \n                            <div class=\"service-content-box\">\n                                <div class=\"service-content\">\n                                    <h3><a href=\"https:\/\/burcaktok.com\/ru\/tedaviler\/%d0%b2%d0%b0%d0%b3%d0%b8%d0%bd%d0%b0%d0%bb%d1%8c%d0%bd%d0%be%d0%b5-%d1%83%d1%81%d0%b8%d0%bb%d0%b5%d0%bd%d0%b8%d0%b5-%d0%b3%d0%b5%d0%bd%d0%b8%d1%82%d0%b0%d0%bb%d1%8c%d0%bd%d0%be%d0%b9-%d1%82%d1%80\/\">\u0412\u0430\u0433\u0438\u043d\u0430\u043b\u044c\u043d\u043e\u0435 \u043e\u043c\u043e\u043b\u043e\u0436\u0435\u043d\u0438\u0435 \u0441 \u043f\u043e\u043c\u043e\u0449\u044c\u044e \u0433\u0435\u043d\u0438\u0442\u0430\u043b\u044c\u043d\u043e\u0439 \u043f\u043b\u0430\u0437\u043c\u044b, \u0431\u043e\u0433\u0430\u0442\u043e\u0439 \u0442\u0440\u043e\u043c\u0431\u043e\u0446\u0438\u0442\u0430\u043c\u0438<\/a><\/h3>\n                                    <p>\u0423 \u0436\u0435\u043d\u0449\u0438\u043d, \u043f\u0435\u0440\u0435\u0436\u0438\u0432\u0448\u0438\u0445 \u043c\u0435\u043d\u043e\u043f\u0430\u0443\u0437\u0443, \u0434\u0435\u0444\u0438\u0446\u0438\u0442 \u0433\u043e\u0440\u043c\u043e\u043d\u043e\u0432 \u0432\u044b\u0437\u044b\u0432\u0430\u0435\u0442 \u0441\u0443\u0445\u043e\u0441\u0442\u044c \u0432\u043b\u0430\u0433\u0430\u043b\u0438\u0449\u0430, \u0437\u0443\u0434, \u043d\u0435\u0434\u0435\u0440\u0436\u0430\u043d\u0438\u0435 \u043c\u043e\u0447\u0438, \u043f\u0440\u043e\u0432\u0438\u0441\u0430\u043d\u0438\u0435 \u0432\u043b\u0430\u0433\u0430\u043b\u0438\u0449\u0430, \u043d\u0435\u0432\u043e\u0437\u043c\u043e\u0436\u043d\u043e\u0441\u0442\u044c \u0434\u043e\u0441\u0442\u0438\u0436\u0435\u043d\u0438\u044f \u043e\u0440\u0433\u0430\u0437\u043c\u0430, \u043f\u0440\u043e\u0431\u043b\u0435\u043c\u044b \u0441 \u043f\u043e\u043b\u043e\u0432\u044b\u043c \u0430\u043a\u0442\u043e\u043c.<\/p>\n                                <\/div>\n\n                                \t\n\n                            <\/div>\n                        <\/div>\n                    <\/div>\n                                        <div class=\"col-xl-4 col-lg-4 col-md-6\">\n                        <div class=\"service-box-3 mb-30 text-center\">\n                            <div class=\"service-thumb\">\n                                <a href=\"https:\/\/burcaktok.com\/ru\/tedaviler\/%d0%b2%d0%b0%d0%b3%d0%b8%d0%bd%d0%be%d0%bf%d0%bb%d0%b0%d1%81%d1%82%d0%b8%d0%ba%d0%b0\/\"><img loading=\"lazy\" decoding=\"async\" width=\"900\" height=\"450\" src=\"https:\/\/burcaktok.com\/wp-content\/uploads\/2022\/01\/vajinoplasti.jpg\" class=\"attachment-post-thumbnail size-post-thumbnail wp-post-image\" alt=\"\u0432\u0430\u0433\u0438\u043d\u043e\u043f\u043b\u0430\u0441\u0442\u0438\u043a\u0430\" srcset=\"https:\/\/burcaktok.com\/wp-content\/uploads\/2022\/01\/vajinoplasti.jpg 900w, https:\/\/burcaktok.com\/wp-content\/uploads\/2022\/01\/vajinoplasti-300x150.jpg 300w, https:\/\/burcaktok.com\/wp-content\/uploads\/2022\/01\/vajinoplasti-768x384.jpg 768w\" sizes=\"(max-width: 900px) 100vw, 900px\" title=\"\"><\/a>\n                            <\/div>\n                            \n                            <div class=\"service-content-box\">\n                                <div class=\"service-content\">\n                                    <h3><a href=\"https:\/\/burcaktok.com\/ru\/tedaviler\/%d0%b2%d0%b0%d0%b3%d0%b8%d0%bd%d0%be%d0%bf%d0%bb%d0%b0%d1%81%d1%82%d0%b8%d0%ba%d0%b0\/\">\u0432\u0430\u0433\u0438\u043d\u043e\u043f\u043b\u0430\u0441\u0442\u0438\u043a\u0430<\/a><\/h3>\n                                    <p>\u0412\u043e \u0432\u0441\u0435\u043c \u043c\u0438\u0440\u0435 \u0438 \u0432 \u043d\u0430\u0448\u0435\u0439 \u0441\u0442\u0440\u0430\u043d\u0435 \u0441\u0443\u0449\u0435\u0441\u0442\u0432\u0443\u0435\u0442 \u0431\u043e\u043b\u044c\u0448\u043e\u0439 \u0438\u043d\u0442\u0435\u0440\u0435\u0441 \u043a \u044d\u0441\u0442\u0435\u0442\u0438\u0447\u0435\u0441\u043a\u0438\u043c \u043e\u043f\u0435\u0440\u0430\u0446\u0438\u044f\u043c \u043d\u0430 \u0433\u0435\u043d\u0438\u0442\u0430\u043b\u0438\u044f\u0445. \u041d\u0430\u0438\u0431\u043e\u043b\u0435\u0435 \u0447\u0430\u0441\u0442\u043e \u043f\u0440\u0438\u043c\u0435\u043d\u044f\u0435\u043c\u044b\u0435 \u043c\u0435\u0442\u043e\u0434\u044b \u044d\u0441\u0442\u0435\u0442\u0438\u0447\u0435\u0441\u043a\u043e\u0439 \u044d\u0441\u0442\u0435\u0442\u0438\u043a\u0438 \u0433\u0435\u043d\u0438\u0442\u0430\u043b\u0438\u0439<\/p>\n                                <\/div>\n\n                                \t\n\n                            <\/div>\n                        <\/div>\n                    <\/div>\n                                        <div class=\"col-xl-4 col-lg-4 col-md-6\">\n                        <div class=\"service-box-3 mb-30 text-center\">\n                            <div class=\"service-thumb\">\n                                <a href=\"https:\/\/burcaktok.com\/ru\/tedaviler\/%d0%bf%d0%be%d1%81%d0%b0%d0%b4%d0%ba%d0%b0-%d0%b4%d0%b5%d0%b2%d1%81%d1%82%d0%b2%d0%b5%d0%bd%d0%bd%d0%be%d0%b9-%d0%bf%d0%bb%d0%b5%d0%b2%d1%8b\/\"><img loading=\"lazy\" decoding=\"async\" width=\"900\" height=\"450\" src=\"https:\/\/burcaktok.com\/wp-content\/uploads\/2022\/01\/kizlik-zari-dikimi-25.jpg\" class=\"attachment-post-thumbnail size-post-thumbnail wp-post-image\" alt=\"\u043f\u043e\u0441\u0430\u0434\u043a\u0430 \u0434\u0435\u0432\u0441\u0442\u0432\u0435\u043d\u043d\u043e\u0439 \u043f\u043b\u0435\u0432\u044b\" srcset=\"https:\/\/burcaktok.com\/wp-content\/uploads\/2022\/01\/kizlik-zari-dikimi-25.jpg 900w, https:\/\/burcaktok.com\/wp-content\/uploads\/2022\/01\/kizlik-zari-dikimi-25-300x150.jpg 300w, https:\/\/burcaktok.com\/wp-content\/uploads\/2022\/01\/kizlik-zari-dikimi-25-768x384.jpg 768w\" sizes=\"(max-width: 900px) 100vw, 900px\" title=\"\"><\/a>\n                            <\/div>\n                            \n                            <div class=\"service-content-box\">\n                                <div class=\"service-content\">\n                                    <h3><a href=\"https:\/\/burcaktok.com\/ru\/tedaviler\/%d0%bf%d0%be%d1%81%d0%b0%d0%b4%d0%ba%d0%b0-%d0%b4%d0%b5%d0%b2%d1%81%d1%82%d0%b2%d0%b5%d0%bd%d0%bd%d0%be%d0%b9-%d0%bf%d0%bb%d0%b5%d0%b2%d1%8b\/\">\u0448\u0438\u0442\u044c\u0435 \u0434\u0435\u0432\u0441\u0442\u0432\u0435\u043d\u043d\u043e\u0439 \u043f\u043b\u0435\u0432\u044b<\/a><\/h3>\n                                    <p>\u0413\u0438\u043c\u0435\u043d\u043e\u043f\u043b\u0430\u0441\u0442\u0438\u043a\u0430 \u2013 \u043e\u043f\u0435\u0440\u0430\u0446\u0438\u044f, \u043a\u043e\u0442\u043e\u0440\u0443\u044e \u043f\u0440\u0435\u0434\u043f\u043e\u0447\u0438\u0442\u0430\u044e\u0442 \u0436\u0435\u043d\u0449\u0438\u043d\u044b, \u0438\u043c\u0435\u0432\u0448\u0438\u0435 \u0440\u0430\u043d\u0435\u0435 \u043f\u043e\u043b\u043e\u0432\u043e\u0439 \u043a\u043e\u043d\u0442\u0430\u043a\u0442. \u0416\u0435\u043d\u0449\u0438\u043d\u044b, \u043f\u043e\u0442\u0435\u0440\u044f\u0432\u0448\u0438\u0435 \u0434\u0435\u0432\u0441\u0442\u0432\u0435\u043d\u043d\u043e\u0441\u0442\u044c, \u2014 \u043d\u043e\u0432\u044b\u0435<\/p>\n                                <\/div>\n\n                                \t\n\n                            <\/div>\n                        <\/div>\n                    <\/div>\n                                    <\/div>\n            <\/div>\n        <\/section>\n        <!-- services-area end -->\n\n        \t\n\n\t\t\t<\/div>\n\t\t\t\t<\/div>\n\t\t\t\t\t<\/div>\n\t\t<\/div>\n\t\t\t\t\t<\/div>\n\t\t<\/section>\n\t\t\t\t<\/div>","protected":false},"excerpt":{"rendered":"<p>Orgazmik Shot Uygulamas\u0131 Klitoris ve vajen i\u00e7indeki duyarl\u0131 cinsel haz noktalar\u0131na yap\u0131lan orgazmik shot uygulamas\u0131<\/p>","protected":false},"author":1,"featured_media":0,"parent":0,"menu_order":0,"comment_status":"closed","ping_status":"closed","template":"elementor_header_footer","meta":{"_acf_changed":false,"_themeisle_gutenberg_block_has_review":false,"footnotes":""},"class_list":["post-2880","page","type-page","status-publish","hentry"],"acf":[],"_links":{"self":[{"href":"https:\/\/burcaktok.com\/ru\/wp-json\/wp\/v2\/pages\/2880","targetHints":{"allow":["GET"]}}],"collection":[{"href":"https:\/\/burcaktok.com\/ru\/wp-json\/wp\/v2\/pages"}],"about":[{"href":"https:\/\/burcaktok.com\/ru\/wp-json\/wp\/v2\/types\/page"}],"author":[{"embeddable":true,"href":"https:\/\/burcaktok.com\/ru\/wp-json\/wp\/v2\/users\/1"}],"replies":[{"embeddable":true,"href":"https:\/\/burcaktok.com\/ru\/wp-json\/wp\/v2\/comments?post=2880"}],"version-history":[{"count":6,"href":"https:\/\/burcaktok.com\/ru\/wp-json\/wp\/v2\/pages\/2880\/revisions"}],"predecessor-version":[{"id":7660,"href":"https:\/\/burcaktok.com\/ru\/wp-json\/wp\/v2\/pages\/2880\/revisions\/7660"}],"wp:attachment":[{"href":"https:\/\/burcaktok.com\/ru\/wp-json\/wp\/v2\/media?parent=2880"}],"curies":[{"name":"WP","href":"https:\/\/api.w.org\/{rel}","templated":true}]}}