{"id":4280,"date":"2022-05-05T16:57:32","date_gmt":"2022-05-05T13:57:32","guid":{"rendered":"https:\/\/burcaktok.com\/?page_id=4280"},"modified":"2025-07-03T17:02:25","modified_gmt":"2025-07-03T14:02:25","slug":"%d0%be%d0%bf-%d0%b4%d1%80-%d0%b1%d1%83%d1%80%d1%87%d0%b0%d0%ba-%d1%82%d0%be%d0%ba-%d0%b2-%d0%bf%d1%80%d0%b5%d1%81%d1%81%d0%b5","status":"publish","type":"page","link":"https:\/\/burcaktok.com\/ru\/basinda-op-dr-burcak-tok\/","title":{"rendered":"\u041e\u043f\u0443\u0431\u043b\u0438\u043a\u043e\u0432\u0430\u043d\u043e \u0432 \u043f\u0440\u0435\u0441\u0441\u0435. \u0414\u043e\u043a\u0442\u043e\u0440 \u0411\u0443\u0440\u0447\u0430\u043a \u0422\u043e\u043a"},"content":{"rendered":"\t\t<div data-elementor-type=\"wp-post\" data-elementor-id=\"4280\" class=\"elementor elementor-4280\">\n\t\t\t\t\t\t<section class=\"elementor-section elementor-top-section elementor-element elementor-element-95ff27c elementor-section-boxed elementor-section-height-default elementor-section-height-default\" data-id=\"95ff27c\" data-element_type=\"section\">\n\t\t\t\t\t\t<div class=\"elementor-container elementor-column-gap-default\">\n\t\t\t\t\t<div class=\"elementor-column elementor-col-50 elementor-top-column elementor-element elementor-element-576ba8e\" data-id=\"576ba8e\" data-element_type=\"column\">\n\t\t\t<div class=\"elementor-widget-wrap elementor-element-populated\">\n\t\t\t\t\t\t<div class=\"elementor-element elementor-element-620db6c elementor-widget elementor-widget-image\" data-id=\"620db6c\" data-element_type=\"widget\" data-widget_type=\"image.default\">\n\t\t\t\t<div class=\"elementor-widget-container\">\n\t\t\t<style>\/*! elementor - v3.21.0 - 26-05-2024 *\/\n.elementor-widget-image{text-align:center}.elementor-widget-image a{display:inline-block}.elementor-widget-image a img[src$=\".svg\"]{width:48px}.elementor-widget-image img{vertical-align:middle;display:inline-block}<\/style>\t\t\t\t\t\t\t\t\t\t\t<a href=\"https:\/\/www.sabah.com.tr\/roza\/kadin-sagligi\/miyomlar-belirti-gostermeden-buyuyebilir-mi\" target=\"_blank\" rel=\"noopener\">\n\t\t\t\t\t\t\t<img fetchpriority=\"high\" decoding=\"async\" width=\"640\" height=\"501\" src=\"https:\/\/burcaktok.com\/wp-content\/uploads\/2022\/05\/sabaj1-768x601.png\" class=\"attachment-medium_large size-medium_large wp-image-4284\" alt=\"Bur\u00e7ak Tok\" srcset=\"https:\/\/burcaktok.com\/wp-content\/uploads\/2022\/05\/sabaj1-768x601.png 768w, https:\/\/burcaktok.com\/wp-content\/uploads\/2022\/05\/sabaj1-300x235.png 300w, https:\/\/burcaktok.com\/wp-content\/uploads\/2022\/05\/sabaj1-1024x801.png 1024w, https:\/\/burcaktok.com\/wp-content\/uploads\/2022\/05\/sabaj1-1536x1202.png 1536w, https:\/\/burcaktok.com\/wp-content\/uploads\/2022\/05\/sabaj1.png 1656w\" sizes=\"(max-width: 640px) 100vw, 640px\" title=\"\">\t\t\t\t\t\t\t\t<\/a>\n\t\t\t\t\t\t\t\t\t\t\t\t\t<\/div>\n\t\t\t\t<\/div>\n\t\t\t\t<div class=\"elementor-element elementor-element-4088990 elementor-widget elementor-widget-heading\" data-id=\"4088990\" data-element_type=\"widget\" data-widget_type=\"heading.default\">\n\t\t\t\t<div class=\"elementor-widget-container\">\n\t\t\t<style>\/*! elementor - v3.21.0 - 26-05-2024 *\/\n.elementor-heading-title{padding:0;margin:0;line-height:1}.elementor-widget-heading .elementor-heading-title[class*=elementor-size-]>a{color:inherit;font-size:inherit;line-height:inherit}.elementor-widget-heading .elementor-heading-title.elementor-size-small{font-size:15px}.elementor-widget-heading .elementor-heading-title.elementor-size-medium{font-size:19px}.elementor-widget-heading .elementor-heading-title.elementor-size-large{font-size:29px}.elementor-widget-heading .elementor-heading-title.elementor-size-xl{font-size:39px}.elementor-widget-heading .elementor-heading-title.elementor-size-xxl{font-size:59px}<\/style><h3 class=\"elementor-heading-title elementor-size-default\">Miyomlar belirti g\u00f6stermeden b\u00fcy\u00fcyebilir mi?<\/h3>\t\t<\/div>\n\t\t\t\t<\/div>\n\t\t\t\t<div class=\"elementor-element elementor-element-9444663 elementor-widget elementor-widget-text-editor\" data-id=\"9444663\" data-element_type=\"widget\" data-widget_type=\"text-editor.default\">\n\t\t\t\t<div class=\"elementor-widget-container\">\n\t\t\t<style>\/*! elementor - v3.21.0 - 26-05-2024 *\/\n.elementor-widget-text-editor.elementor-drop-cap-view-stacked .elementor-drop-cap{background-color:#69727d;color:#fff}.elementor-widget-text-editor.elementor-drop-cap-view-framed .elementor-drop-cap{color:#69727d;border:3px solid;background-color:transparent}.elementor-widget-text-editor:not(.elementor-drop-cap-view-default) .elementor-drop-cap{margin-top:8px}.elementor-widget-text-editor:not(.elementor-drop-cap-view-default) .elementor-drop-cap-letter{width:1em;height:1em}.elementor-widget-text-editor .elementor-drop-cap{float:left;text-align:center;line-height:1;font-size:50px}.elementor-widget-text-editor .elementor-drop-cap-letter{display:inline-block}<\/style>\t\t\t\t<p>Kad\u0131n Hastal\u0131klar\u0131 ve Do\u011fum Uzman\u0131 Operat\u00f6r. Dr. Bur\u00e7ak Tok, bir\u00e7ok kad\u0131nda g\u00f6r\u00fclen miyom uteri ile ilgili merak edilenleri yan\u0131tlad\u0131. Daha \u00e7ok \u00fcreme \u00e7a\u011f\u0131ndaki kad\u0131nlarda g\u00f6r\u00fclen myomlar gen\u00e7 k\u0131zlarda da g\u00f6r\u00fclmektedir.\u00a0\u00a0Miyom uteri belirtileri ve tedavisi alan\u0131nda uzman kad\u0131n do\u011fum hekimlerine s\u0131kl\u0131kla sorulmaktad\u0131r.\u00a0<\/p>\t\t\t\t\t\t<\/div>\n\t\t\t\t<\/div>\n\t\t\t\t\t<\/div>\n\t\t<\/div>\n\t\t\t\t<div class=\"elementor-column elementor-col-50 elementor-top-column elementor-element elementor-element-e6dee24\" data-id=\"e6dee24\" data-element_type=\"column\">\n\t\t\t<div class=\"elementor-widget-wrap elementor-element-populated\">\n\t\t\t\t\t\t<div class=\"elementor-element elementor-element-5257fc6 elementor-widget elementor-widget-image\" data-id=\"5257fc6\" data-element_type=\"widget\" data-widget_type=\"image.default\">\n\t\t\t\t<div class=\"elementor-widget-container\">\n\t\t\t\t\t\t\t\t\t\t\t\t\t\t<a href=\"https:\/\/www.milliyet.com.tr\/pembenar\/kadinlarda-en-sik-gorulen-problem-idrar-kacirma-hakkinda-bilinmesi-gerekenler-6742565\" target=\"_blank\" rel=\"noopener\">\n\t\t\t\t\t\t\t<img decoding=\"async\" width=\"640\" height=\"501\" src=\"https:\/\/burcaktok.com\/wp-content\/uploads\/2022\/05\/milliyet-1024x801.png\" class=\"attachment-large size-large wp-image-4285\" alt=\"Bur\u00e7ak Tok\" srcset=\"https:\/\/burcaktok.com\/wp-content\/uploads\/2022\/05\/milliyet-1024x801.png 1024w, https:\/\/burcaktok.com\/wp-content\/uploads\/2022\/05\/milliyet-300x235.png 300w, https:\/\/burcaktok.com\/wp-content\/uploads\/2022\/05\/milliyet-768x601.png 768w, https:\/\/burcaktok.com\/wp-content\/uploads\/2022\/05\/milliyet-1536x1202.png 1536w, https:\/\/burcaktok.com\/wp-content\/uploads\/2022\/05\/milliyet.png 1656w\" sizes=\"(max-width: 640px) 100vw, 640px\" title=\"\">\t\t\t\t\t\t\t\t<\/a>\n\t\t\t\t\t\t\t\t\t\t\t\t\t<\/div>\n\t\t\t\t<\/div>\n\t\t\t\t<div class=\"elementor-element elementor-element-ca62aaf elementor-widget elementor-widget-heading\" data-id=\"ca62aaf\" data-element_type=\"widget\" data-widget_type=\"heading.default\">\n\t\t\t\t<div class=\"elementor-widget-container\">\n\t\t\t<h3 class=\"elementor-heading-title elementor-size-default\">Kad\u0131nlarda en s\u0131k g\u00f6r\u00fclen problem: \u0130drar ka\u00e7\u0131rma hakk\u0131nda bilinmesi gerekenler<\/h3>\t\t<\/div>\n\t\t\t\t<\/div>\n\t\t\t\t<div class=\"elementor-element elementor-element-eecbf38 elementor-widget elementor-widget-text-editor\" data-id=\"eecbf38\" data-element_type=\"widget\" data-widget_type=\"text-editor.default\">\n\t\t\t\t<div class=\"elementor-widget-container\">\n\t\t\t\t\t\t\t<p>Kad\u0131nlarda genellikle ileri ya\u015flarda ortaya \u00e7\u0131kan idrar ka\u00e7\u0131rma problemi bir\u00e7ok kad\u0131n\u0131n hayat\u0131n\u0131 olumsuz etkilemektedir. Bir\u00e7ok kad\u0131n idrar ka\u00e7\u0131rmay\u0131 hastal\u0131k olarak g\u00f6rmemekte ya\u015flanman\u0131n bir etkisi oldu\u011funu d\u00fc\u015f\u00fcnmektedir. Ancak idrar ka\u00e7\u0131rma problemi, tedavi edilebilir bir hastal\u0131kt\u0131r.<\/p>\t\t\t\t\t\t<\/div>\n\t\t\t\t<\/div>\n\t\t\t\t\t<\/div>\n\t\t<\/div>\n\t\t\t\t\t<\/div>\n\t\t<\/section>\n\t\t\t\t<section class=\"elementor-section elementor-top-section elementor-element elementor-element-d6a418f elementor-section-boxed elementor-section-height-default elementor-section-height-default\" data-id=\"d6a418f\" data-element_type=\"section\">\n\t\t\t\t\t\t<div class=\"elementor-container elementor-column-gap-default\">\n\t\t\t\t\t<div class=\"elementor-column elementor-col-50 elementor-top-column elementor-element elementor-element-89489c3\" data-id=\"89489c3\" data-element_type=\"column\">\n\t\t\t<div class=\"elementor-widget-wrap elementor-element-populated\">\n\t\t\t\t\t\t<div class=\"elementor-element elementor-element-a5cc8df elementor-widget elementor-widget-image\" data-id=\"a5cc8df\" data-element_type=\"widget\" data-widget_type=\"image.default\">\n\t\t\t\t<div class=\"elementor-widget-container\">\n\t\t\t\t\t\t\t\t\t\t\t\t\t<img decoding=\"async\" width=\"640\" height=\"501\" src=\"https:\/\/burcaktok.com\/wp-content\/uploads\/2022\/05\/cnnturk-burcak-768x601.png\" class=\"attachment-medium_large size-medium_large wp-image-4286\" alt=\"Bur\u00e7ak Tok\" srcset=\"https:\/\/burcaktok.com\/wp-content\/uploads\/2022\/05\/cnnturk-burcak-768x601.png 768w, https:\/\/burcaktok.com\/wp-content\/uploads\/2022\/05\/cnnturk-burcak-300x235.png 300w, https:\/\/burcaktok.com\/wp-content\/uploads\/2022\/05\/cnnturk-burcak-1024x801.png 1024w, https:\/\/burcaktok.com\/wp-content\/uploads\/2022\/05\/cnnturk-burcak-1536x1202.png 1536w, https:\/\/burcaktok.com\/wp-content\/uploads\/2022\/05\/cnnturk-burcak.png 1656w\" sizes=\"(max-width: 640px) 100vw, 640px\" title=\"\">\t\t\t\t\t\t\t\t\t\t\t\t\t<\/div>\n\t\t\t\t<\/div>\n\t\t\t\t<div class=\"elementor-element elementor-element-370af23 elementor-widget elementor-widget-heading\" data-id=\"370af23\" data-element_type=\"widget\" data-widget_type=\"heading.default\">\n\t\t\t\t<div class=\"elementor-widget-container\">\n\t\t\t<h3 class=\"elementor-heading-title elementor-size-default\">Platelet Rich Plasma tedavisi genital problemlerde kullan\u0131labilir mi?<\/h3>\t\t<\/div>\n\t\t\t\t<\/div>\n\t\t\t\t<div class=\"elementor-element elementor-element-eb3ad0f elementor-widget elementor-widget-text-editor\" data-id=\"eb3ad0f\" data-element_type=\"widget\" data-widget_type=\"text-editor.default\">\n\t\t\t\t<div class=\"elementor-widget-container\">\n\t\t\t\t\t\t\t<p>Kad\u0131n Hastal\u0131klar\u0131 Ve Do\u011fum Uzman\u0131 Operat\u00f6r. Dr. Bur\u00e7ak Tok, Platelet Rich Plasma uygulamas\u0131n\u0131n g\u00fcn\u00fcm\u00fczde genital problemlerin tedavisinde s\u0131kl\u0131kla uyguland\u0131\u011f\u0131n\u0131 belirtti. Vajinan\u0131n etkin bir \u015fekilde gen\u00e7le\u015ftirilmesi i\u00e7in Platelet Rich Plasma uygulamalar\u0131ndan yararlan\u0131lmaktad\u0131r. Ayr\u0131ca Platelet Rich Plasma tedavisi t\u0131pta bir\u00e7ok alanda kullan\u0131lmakta, olduk\u00e7a ra\u011fbet g\u00f6rmektedir.<\/p>\t\t\t\t\t\t<\/div>\n\t\t\t\t<\/div>\n\t\t\t\t\t<\/div>\n\t\t<\/div>\n\t\t\t\t<div class=\"elementor-column elementor-col-50 elementor-top-column elementor-element elementor-element-85cd7cb\" data-id=\"85cd7cb\" data-element_type=\"column\">\n\t\t\t<div class=\"elementor-widget-wrap elementor-element-populated\">\n\t\t\t\t\t\t<div class=\"elementor-element elementor-element-7afce42 elementor-widget elementor-widget-image\" data-id=\"7afce42\" data-element_type=\"widget\" data-widget_type=\"image.default\">\n\t\t\t\t<div class=\"elementor-widget-container\">\n\t\t\t\t\t\t\t\t\t\t\t\t\t\t<a href=\"https:\/\/www.gazetevatan.com\/saglik\/genital-problemlerin-tedavisinde-hangi-uygulamalar-tercih-ediliyor-2035008\" target=\"_blank\" rel=\"noopener\">\n\t\t\t\t\t\t\t<img loading=\"lazy\" decoding=\"async\" width=\"640\" height=\"501\" src=\"https:\/\/burcaktok.com\/wp-content\/uploads\/2022\/05\/vatan-burcak-1024x801.png\" class=\"attachment-large size-large wp-image-4287\" alt=\"Bur\u00e7ak Tok\" srcset=\"https:\/\/burcaktok.com\/wp-content\/uploads\/2022\/05\/vatan-burcak-1024x801.png 1024w, https:\/\/burcaktok.com\/wp-content\/uploads\/2022\/05\/vatan-burcak-300x235.png 300w, https:\/\/burcaktok.com\/wp-content\/uploads\/2022\/05\/vatan-burcak-768x601.png 768w, https:\/\/burcaktok.com\/wp-content\/uploads\/2022\/05\/vatan-burcak-1536x1202.png 1536w, https:\/\/burcaktok.com\/wp-content\/uploads\/2022\/05\/vatan-burcak.png 1656w\" sizes=\"(max-width: 640px) 100vw, 640px\" title=\"\">\t\t\t\t\t\t\t\t<\/a>\n\t\t\t\t\t\t\t\t\t\t\t\t\t<\/div>\n\t\t\t\t<\/div>\n\t\t\t\t<div class=\"elementor-element elementor-element-34cb339 elementor-widget elementor-widget-heading\" data-id=\"34cb339\" data-element_type=\"widget\" data-widget_type=\"heading.default\">\n\t\t\t\t<div class=\"elementor-widget-container\">\n\t\t\t<h3 class=\"elementor-heading-title elementor-size-default\">Genital problemlerin tedavisinde hangi uygulamalar tercih ediliyor?<\/h3>\t\t<\/div>\n\t\t\t\t<\/div>\n\t\t\t\t<div class=\"elementor-element elementor-element-da9a972 elementor-widget elementor-widget-text-editor\" data-id=\"da9a972\" data-element_type=\"widget\" data-widget_type=\"text-editor.default\">\n\t\t\t\t<div class=\"elementor-widget-container\">\n\t\t\t\t\t\t\t<p>\u00a0Kad\u0131nlar\u0131n genel sa\u011fl\u0131\u011f\u0131 ve psikolojisini \u00f6nemli \u00f6l\u00e7\u00fcde etkileyen genital hastal\u0131klar bir\u00e7ok probleme davetiye \u00e7\u0131karabilir, kad\u0131nlar\u0131n evlili\u011fini olumsuz olarak etkileyebilir. G\u00fcn\u00fcm\u00fczde kad\u0131n hastal\u0131klar\u0131 ve do\u011fum hekimleri taraf\u0131ndan en yayg\u0131n uygulanan estetik problemler aras\u0131nda; vajinoplasti, labioplasti, Platelet Rich Plasma ile vajina gen\u00e7le\u015ftirme gibi uygulamalar yer almaktad\u0131r.<\/p>\t\t\t\t\t\t<\/div>\n\t\t\t\t<\/div>\n\t\t\t\t\t<\/div>\n\t\t<\/div>\n\t\t\t\t\t<\/div>\n\t\t<\/section>\n\t\t\t\t<\/div>\n\t\t","protected":false},"excerpt":{"rendered":"<p>Miyomlar belirti g\u00f6stermeden b\u00fcy\u00fcyebilir mi? Kad\u0131n Hastal\u0131klar\u0131 ve Do\u011fum Uzman\u0131 Operat\u00f6r. Dr. Bur\u00e7ak Tok, bir\u00e7ok kad\u0131nda g\u00f6r\u00fclen miyom uteri ile ilgili merak edilenleri yan\u0131tlad\u0131. Daha \u00e7ok \u00fcreme \u00e7a\u011f\u0131ndaki kad\u0131nlarda g\u00f6r\u00fclen myomlar gen\u00e7 k\u0131zlarda da g\u00f6r\u00fclmektedir.\u00a0\u00a0Miyom uteri belirtileri ve tedavisi alan\u0131nda uzman kad\u0131n do\u011fum hekimlerine s\u0131kl\u0131kla sorulmaktad\u0131r.\u00a0 Kad\u0131nlarda en s\u0131k g\u00f6r\u00fclen problem: \u0130drar ka\u00e7\u0131rma hakk\u0131nda bilinmesi [&hellip;]<\/p>\n","protected":false},"author":1,"featured_media":0,"parent":0,"menu_order":0,"comment_status":"closed","ping_status":"closed","template":"elementor_header_footer","meta":{"_acf_changed":false,"_themeisle_gutenberg_block_has_review":false,"footnotes":""},"class_list":["post-4280","page","type-page","status-publish","hentry"],"acf":[],"_links":{"self":[{"href":"https:\/\/burcaktok.com\/ru\/wp-json\/wp\/v2\/pages\/4280","targetHints":{"allow":["GET"]}}],"collection":[{"href":"https:\/\/burcaktok.com\/ru\/wp-json\/wp\/v2\/pages"}],"about":[{"href":"https:\/\/burcaktok.com\/ru\/wp-json\/wp\/v2\/types\/page"}],"author":[{"embeddable":true,"href":"https:\/\/burcaktok.com\/ru\/wp-json\/wp\/v2\/users\/1"}],"replies":[{"embeddable":true,"href":"https:\/\/burcaktok.com\/ru\/wp-json\/wp\/v2\/comments?post=4280"}],"version-history":[{"count":3,"href":"https:\/\/burcaktok.com\/ru\/wp-json\/wp\/v2\/pages\/4280\/revisions"}],"predecessor-version":[{"id":7644,"href":"https:\/\/burcaktok.com\/ru\/wp-json\/wp\/v2\/pages\/4280\/revisions\/7644"}],"wp:attachment":[{"href":"https:\/\/burcaktok.com\/ru\/wp-json\/wp\/v2\/media?parent=4280"}],"curies":[{"name":"WP","href":"https:\/\/api.w.org\/{rel}","templated":true}]}}